{"id":2568,"date":"2026-03-19T06:00:46","date_gmt":"2026-03-19T06:00:46","guid":{"rendered":"https:\/\/coolindrinks.com\/?post_type=product&#038;p=2568"},"modified":"2026-04-26T09:29:53","modified_gmt":"2026-04-26T09:29:53","slug":"hugo-spritz-25cl-pack-de-6","status":"publish","type":"product","link":"https:\/\/coolindrinks.com\/en\/product\/hugo-spritz-25cl-pack-de-6\/","title":{"rendered":"Hugo Spritz 25cl \u2013 Pack de 6"},"content":{"rendered":"<div data-elementor-type=\"wp-post\" data-elementor-id=\"2568\" class=\"elementor elementor-2568\">\n\t\t\t\t<div class=\"wd-negative-gap elementor-element elementor-element-caf0783 e-flex e-con-boxed e-con e-parent\" data-id=\"caf0783\" data-element_type=\"container\" data-e-type=\"container\">\n\t\t\t\t\t<div class=\"e-con-inner\">\n\t\t<div class=\"elementor-element elementor-element-7659d5e e-grid e-con-full e-con e-child\" data-id=\"7659d5e\" data-element_type=\"container\" data-e-type=\"container\">\n\t\t\t\t<div class=\"elementor-element elementor-element-d1483ff elementor-widget elementor-widget-wd_infobox\" data-id=\"d1483ff\" data-element_type=\"widget\" data-e-type=\"widget\" data-widget_type=\"wd_infobox.default\">\n\t\t\t\t<div class=\"elementor-widget-container\">\n\t\t\t\t\t\t\t<div class=\"info-box-wrapper\">\n\t\t\t<div class=\"wd-info-box text-center box-icon-align-top box-style-base color-scheme-\">\n\t\t\t\t\t\t\t\t\t<div class=\"box-icon-wrapper  box-with-icon box-icon-simple\">\n\t\t\t\t\t\t<div class=\"info-box-icon\">\n\t\t\t\t\t\t\t\t\t\t\t\t\t\t\t<img loading=\"lazy\" decoding=\"async\" width=\"60\" height=\"60\" src=\"https:\/\/coolindrinks.com\/wp-content\/uploads\/2026\/03\/Illustration-fleur-de-sureu-60x60.webp\" class=\"attachment-60x60 size-60x60\" alt=\"\" srcset=\"https:\/\/coolindrinks.com\/wp-content\/uploads\/2026\/03\/Illustration-fleur-de-sureu-60x60.webp 60w, https:\/\/coolindrinks.com\/wp-content\/uploads\/2026\/03\/Illustration-fleur-de-sureu-300x300.webp 300w, https:\/\/coolindrinks.com\/wp-content\/uploads\/2026\/03\/Illustration-fleur-de-sureu-150x150.webp 150w, https:\/\/coolindrinks.com\/wp-content\/uploads\/2026\/03\/Illustration-fleur-de-sureu-430x430.webp 430w, https:\/\/coolindrinks.com\/wp-content\/uploads\/2026\/03\/Illustration-fleur-de-sureu.webp 512w\" sizes=\"auto, (max-width: 60px) 100vw, 60px\" \/>\t\t\t\t\t\t\t\t\t\t\t\t\t<\/div>\n\t\t\t\t\t<\/div>\n\t\t\t\t\n\t\t\t\t<div class=\"info-box-content\">\n\t\t\t\t\t\n\t\t\t\t\t\t\t\t\t\t\t<h4\t\t\t\t\t\tclass=\"info-box-title title box-title-style-default wd-fontsize-xl\" data-elementor-setting-key=\"title\">\n\t\t\t\t\t\t\t\tFleur de sureau florale et d\u00e9licate\t\t\t\t\t\t<\/h4>\n\t\t\t\t\t\n\t\t\t\t\t<div class=\"info-box-inner reset-last-child\"data-elementor-setting-key=\"content\"><\/div>\n\n\t\t\t\t\t\t\t\t\t<\/div>\n\n\t\t\t\t\t\t\t<\/div>\n\t\t<\/div>\n\t\t\t\t\t\t<\/div>\n\t\t\t\t<\/div>\n\t\t\t\t<div class=\"elementor-element elementor-element-2822e39 elementor-widget elementor-widget-wd_infobox\" data-id=\"2822e39\" data-element_type=\"widget\" data-e-type=\"widget\" data-widget_type=\"wd_infobox.default\">\n\t\t\t\t<div class=\"elementor-widget-container\">\n\t\t\t\t\t\t\t<div class=\"info-box-wrapper\">\n\t\t\t<div class=\"wd-info-box text-center box-icon-align-top box-style-base color-scheme-\">\n\t\t\t\t\t\t\t\t\t<div class=\"box-icon-wrapper  box-with-icon box-icon-simple\">\n\t\t\t\t\t\t<div class=\"info-box-icon\">\n\t\t\t\t\t\t\t\t\t\t\t\t\t\t\t<img loading=\"lazy\" decoding=\"async\" width=\"60\" height=\"60\" src=\"https:\/\/coolindrinks.com\/wp-content\/uploads\/2026\/03\/Illustration-citron-vert-60x60.webp\" class=\"attachment-60x60 size-60x60\" alt=\"\" srcset=\"https:\/\/coolindrinks.com\/wp-content\/uploads\/2026\/03\/Illustration-citron-vert-60x60.webp 60w, https:\/\/coolindrinks.com\/wp-content\/uploads\/2026\/03\/Illustration-citron-vert-300x300.webp 300w, https:\/\/coolindrinks.com\/wp-content\/uploads\/2026\/03\/Illustration-citron-vert-150x150.webp 150w, https:\/\/coolindrinks.com\/wp-content\/uploads\/2026\/03\/Illustration-citron-vert-430x430.webp 430w, https:\/\/coolindrinks.com\/wp-content\/uploads\/2026\/03\/Illustration-citron-vert.webp 512w\" sizes=\"auto, (max-width: 60px) 100vw, 60px\" \/>\t\t\t\t\t\t\t\t\t\t\t\t\t<\/div>\n\t\t\t\t\t<\/div>\n\t\t\t\t\n\t\t\t\t<div class=\"info-box-content\">\n\t\t\t\t\t\n\t\t\t\t\t\t\t\t\t\t\t<h4\t\t\t\t\t\tclass=\"info-box-title title box-title-style-default wd-fontsize-xl\" data-elementor-setting-key=\"title\">\n\t\t\t\t\t\t\t\tCitron vert vif et rafra\u00eechissant\t\t\t\t\t\t<\/h4>\n\t\t\t\t\t\n\t\t\t\t\t<div class=\"info-box-inner reset-last-child\"data-elementor-setting-key=\"content\"><\/div>\n\n\t\t\t\t\t\t\t\t\t<\/div>\n\n\t\t\t\t\t\t\t<\/div>\n\t\t<\/div>\n\t\t\t\t\t\t<\/div>\n\t\t\t\t<\/div>\n\t\t\t\t<div class=\"elementor-element elementor-element-befda0c elementor-widget elementor-widget-wd_infobox\" data-id=\"befda0c\" data-element_type=\"widget\" data-e-type=\"widget\" data-widget_type=\"wd_infobox.default\">\n\t\t\t\t<div class=\"elementor-widget-container\">\n\t\t\t\t\t\t\t<div class=\"info-box-wrapper\">\n\t\t\t<div class=\"wd-info-box text-center box-icon-align-top box-style-base color-scheme-\">\n\t\t\t\t\t\t\t\t\t<div class=\"box-icon-wrapper  box-with-icon box-icon-simple\">\n\t\t\t\t\t\t<div class=\"info-box-icon\">\n\t\t\t\t\t\t\t\t\t\t\t\t\t\t\t<img loading=\"lazy\" decoding=\"async\" width=\"60\" height=\"60\" src=\"https:\/\/coolindrinks.com\/wp-content\/uploads\/2026\/03\/bubbles-60x60.png\" class=\"attachment-60x60 size-60x60\" alt=\"\" srcset=\"https:\/\/coolindrinks.com\/wp-content\/uploads\/2026\/03\/bubbles-60x60.png 60w, https:\/\/coolindrinks.com\/wp-content\/uploads\/2026\/03\/bubbles-300x300.png 300w, https:\/\/coolindrinks.com\/wp-content\/uploads\/2026\/03\/bubbles-150x150.png 150w, https:\/\/coolindrinks.com\/wp-content\/uploads\/2026\/03\/bubbles-430x430.png 430w, https:\/\/coolindrinks.com\/wp-content\/uploads\/2026\/03\/bubbles.png 512w\" sizes=\"auto, (max-width: 60px) 100vw, 60px\" \/>\t\t\t\t\t\t\t\t\t\t\t\t\t<\/div>\n\t\t\t\t\t<\/div>\n\t\t\t\t\n\t\t\t\t<div class=\"info-box-content\">\n\t\t\t\t\t\n\t\t\t\t\t\t\t\t\t\t\t<h4\t\t\t\t\t\tclass=\"info-box-title title box-title-style-default wd-fontsize-xl\" data-elementor-setting-key=\"title\">\n\t\t\t\t\t\t\t\tEffervescence fine et \u00e9quilibr\u00e9e\t\t\t\t\t\t<\/h4>\n\t\t\t\t\t\n\t\t\t\t\t<div class=\"info-box-inner reset-last-child\"data-elementor-setting-key=\"content\"><\/div>\n\n\t\t\t\t\t\t\t\t\t<\/div>\n\n\t\t\t\t\t\t\t<\/div>\n\t\t<\/div>\n\t\t\t\t\t\t<\/div>\n\t\t\t\t<\/div>\n\t\t\t\t<\/div>\n\t\t\t\t<div class=\"elementor-element elementor-element-32ca60a color-scheme-inherit text-left elementor-widget elementor-widget-text-editor\" data-id=\"32ca60a\" data-element_type=\"widget\" data-e-type=\"widget\" data-widget_type=\"text-editor.default\">\n\t\t\t\t\t\t\t\t\t<p data-start=\"563\" data-end=\"741\">Le Hugo Spritz sans alcool COOL\u2019IN associe la finesse de la fleur de sureau, la vivacit\u00e9 du citron vert et une bulle \u00e9l\u00e9gante pour recr\u00e9er l\u2019esprit festif du spritz&#8230; sans alcool.<\/p><p data-start=\"743\" data-end=\"835\">En format <strong data-start=\"753\" data-end=\"766\">pack de 6<\/strong>, profitez d\u2019une exp\u00e9rience conviviale, pratique et pr\u00eate \u00e0 partager.<\/p><p data-start=\"837\" data-end=\"977\">Une boisson l\u00e9g\u00e8re, aromatique et contemporaine, pens\u00e9e pour accompagner tous vos moments : ap\u00e9ritifs, d\u00eeners, f\u00eates ou instants de d\u00e9tente.<\/p>\t\t\t\t\t\t\t\t<\/div>\n\t\t\t\t<div class=\"elementor-element elementor-element-f9007d3 elementor-widget elementor-widget-wd_accordion\" data-id=\"f9007d3\" data-element_type=\"widget\" data-e-type=\"widget\" data-widget_type=\"wd_accordion.default\">\n\t\t\t\t<div class=\"elementor-widget-container\">\n\t\t\t\t\t\n\t\t<div class=\"wd-accordion wd-style-shadow wd-titles-left wd-opener-pos-right wd-opener-style-plus\" data-state=\"first\">\n\t\t\t\t\t\t\t\n\t\t\t\t<div class=\"wd-accordion-item\">\n\t\t\t\t\t<div class=\"wd-accordion-title wd-role-btn wd-active\" data-accordion-index=\"0\" tabindex=\"0\">\n\t\t\t\t\t\t<div class=\"wd-accordion-title-text\">\n\t\t\t\t\t\t\t\t\t\t\t\t\t\t<span>\n\t\t\t\t\t\t\t\tDescription immersive\t\t\t\t\t\t\t<\/span>\n\t\t\t\t\t\t<\/div>\n\t\t\t\t\t\t<span class=\"wd-accordion-opener\"><\/span>\n\t\t\t\t\t<\/div>\n\n\t\t\t\t\t<div class=\"wd-accordion-content wd-entry-content wd-active\" data-accordion-index=\"0\">\n\t\t\t\t\t\t\t\t\t\t\t\t\t\n\t\t\t\t\t\t\t<p data-start=\"1012\" data-end=\"1166\">Inspir\u00e9 des ap\u00e9ritifs d\u2019\u00e9t\u00e9 et de la tradition des spritz europ\u00e9ens, le <strong>Hugo Spritz COOL\u2019IN<\/strong> revisite ce grand classique dans une version <strong>100% sans alcool<\/strong>.<\/p><p data-start=\"1168\" data-end=\"1314\">La douceur florale du sureau rencontre la fra\u00eecheur \u00e9clatante du citron vert, port\u00e9e par une effervescence fine qui apporte \u00e9quilibre et \u00e9l\u00e9gance.<\/p><p data-start=\"1316\" data-end=\"1454\">Chaque gorg\u00e9e \u00e9voque les terrasses ensoleill\u00e9es, les soir\u00e9es entre amis et ces moments simples o\u00f9 l\u2019on trinque avec style... sans compromis.<\/p>\n\t\t\t\t\t\t\t\t\t\t\t\t\t\t\t\t\t\t<\/div>\n\t\t\t\t<\/div>\n\t\t\t\t\t\t\t\n\t\t\t\t<div class=\"wd-accordion-item\">\n\t\t\t\t\t<div class=\"wd-accordion-title wd-role-btn\" data-accordion-index=\"1\" tabindex=\"0\">\n\t\t\t\t\t\t<div class=\"wd-accordion-title-text\">\n\t\t\t\t\t\t\t\t\t\t\t\t\t\t<span>\n\t\t\t\t\t\t\t\tTemp\u00e9rature id\u00e9ale\t\t\t\t\t\t\t<\/span>\n\t\t\t\t\t\t<\/div>\n\t\t\t\t\t\t<span class=\"wd-accordion-opener\"><\/span>\n\t\t\t\t\t<\/div>\n\n\t\t\t\t\t<div class=\"wd-accordion-content wd-entry-content\" data-accordion-index=\"1\">\n\t\t\t\t\t\t\t\t\t\t\t\t\t\n\t\t\t\t\t\t\t<p>Servir tr\u00e8s frais entre 4\u00b0 et 6\u00b0C<br \/>Pour une exp\u00e9rience optimale :<br \/>\u2022 Ajouter quelques gla\u00e7ons<br \/>\u2022 Garnir d\u2019une tranche de citron vert<br \/>\u2022 Ajouter une feuille de menthe fra\u00eeche<\/p>\n\t\t\t\t\t\t\t\t\t\t\t\t\t\t\t\t\t\t<\/div>\n\t\t\t\t<\/div>\n\t\t\t\t\t\t\t\n\t\t\t\t<div class=\"wd-accordion-item\">\n\t\t\t\t\t<div class=\"wd-accordion-title wd-role-btn\" data-accordion-index=\"2\" tabindex=\"0\">\n\t\t\t\t\t\t<div class=\"wd-accordion-title-text\">\n\t\t\t\t\t\t\t\t\t\t\t\t\t\t<span>\n\t\t\t\t\t\t\t\tDelivery &amp; Returns policy\t\t\t\t\t\t\t<\/span>\n\t\t\t\t\t\t<\/div>\n\t\t\t\t\t\t<span class=\"wd-accordion-opener\"><\/span>\n\t\t\t\t\t<\/div>\n\n\t\t\t\t\t<div class=\"wd-accordion-content wd-entry-content\" data-accordion-index=\"2\">\n\t\t\t\t\t\t\t\t\t\t\t\t\t\n\t\t\t\t\t\t\t<p>Nous exp\u00e9dions vos commandes via Mondial Relay.<\/p><p>D\u00e9lais de livraison estim\u00e9s :<\/p><ul><li>France : 2 \u00e0 4 jours ouvr\u00e9s<\/li><li>Europe : 3 \u00e0 6 jours ouvr\u00e9s (selon pays)<\/li><\/ul><p>La livraison s\u2019effectue en point relais, s\u00e9lectionn\u00e9 lors du paiement.<\/p><p>Un num\u00e9ro de suivi vous est envoy\u00e9 d\u00e8s l\u2019exp\u00e9dition de votre commande.<\/p><p>Pour plus d\u2019informations, consultez notre <a href=\"#_Politique_de_retours\">politique de livraison et de retour.<\/a><\/p>\n\t\t\t\t\t\t\t\t\t\t\t\t\t\t\t\t\t\t<\/div>\n\t\t\t\t<\/div>\n\t\t\t\t\t\t\t\n\t\t\t\t<div class=\"wd-accordion-item\">\n\t\t\t\t\t<div class=\"wd-accordion-title wd-role-btn\" data-accordion-index=\"3\" tabindex=\"0\">\n\t\t\t\t\t\t<div class=\"wd-accordion-title-text\">\n\t\t\t\t\t\t\t\t\t\t\t\t\t\t<span>\n\t\t\t\t\t\t\t\tDetails\t\t\t\t\t\t\t<\/span>\n\t\t\t\t\t\t<\/div>\n\t\t\t\t\t\t<span class=\"wd-accordion-opener\"><\/span>\n\t\t\t\t\t<\/div>\n\n\t\t\t\t\t<div class=\"wd-accordion-content wd-entry-content\" data-accordion-index=\"3\">\n\t\t\t\t\t\t\t\t\t\t\t\t\t\n\t\t\t\t\t\t\t<p>Format : Canette 25cl<\/p><p>Alcool : 0%<\/p><p>Origine : France<\/p>\n\t\t\t\t\t\t\t\t\t\t\t\t\t\t\t\t\t\t<\/div>\n\t\t\t\t<\/div>\n\t\t\t\t\t\t\t\n\t\t\t\t<div class=\"wd-accordion-item\">\n\t\t\t\t\t<div class=\"wd-accordion-title wd-role-btn\" data-accordion-index=\"4\" tabindex=\"0\">\n\t\t\t\t\t\t<div class=\"wd-accordion-title-text\">\n\t\t\t\t\t\t\t\t\t\t\t\t\t\t<span>\n\t\t\t\t\t\t\t\tMoment de d\u00e9gustation\t\t\t\t\t\t\t<\/span>\n\t\t\t\t\t\t<\/div>\n\t\t\t\t\t\t<span class=\"wd-accordion-opener\"><\/span>\n\t\t\t\t\t<\/div>\n\n\t\t\t\t\t<div class=\"wd-accordion-content wd-entry-content\" data-accordion-index=\"4\">\n\t\t\t\t\t\t\t\t\t\t\t\t\t\n\t\t\t\t\t\t\t<p>Id\u00e9al pour :<\/p><ul><li>Ap\u00e9ritif en terrasse<\/li><li>Brunch d\u2019\u00e9t\u00e9<\/li><li>Soir\u00e9e entre amis<\/li><li>Cocktail de r\u00e9ception<\/li><li>Pause rafra\u00eechissante en journ\u00e9e<\/li><\/ul>\n\t\t\t\t\t\t\t\t\t\t\t\t\t\t\t\t\t\t<\/div>\n\t\t\t\t<\/div>\n\t\t\t\t\t<\/div>\n\t\t\t\t\t\t<\/div>\n\t\t\t\t<\/div>\n\t\t<div class=\"elementor-element elementor-element-a9fe624 e-grid e-con-full e-con e-child\" data-id=\"a9fe624\" data-element_type=\"container\" data-e-type=\"container\">\n\t\t\t\t<div class=\"elementor-element elementor-element-54b1a95 elementor-widget elementor-widget-wd_infobox\" data-id=\"54b1a95\" data-element_type=\"widget\" data-e-type=\"widget\" data-widget_type=\"wd_infobox.default\">\n\t\t\t\t<div class=\"elementor-widget-container\">\n\t\t\t\t\t\t\t<div class=\"info-box-wrapper\">\n\t\t\t<div class=\"wd-info-box text-center box-icon-align-top box-style-base color-scheme-\">\n\t\t\t\t\t\t\t\t\t<div class=\"box-icon-wrapper  box-with-icon box-icon-simple\">\n\t\t\t\t\t\t<div class=\"info-box-icon\">\n\t\t\t\t\t\t\t\t\t\t\t\t\t\t\t<img loading=\"lazy\" decoding=\"async\" width=\"60\" height=\"60\" src=\"https:\/\/coolindrinks.com\/wp-content\/uploads\/2026\/03\/stripe-60x60.png\" class=\"attachment-60x60 size-60x60\" alt=\"\" srcset=\"https:\/\/coolindrinks.com\/wp-content\/uploads\/2026\/03\/stripe-60x60.png 60w, https:\/\/coolindrinks.com\/wp-content\/uploads\/2026\/03\/stripe-300x300.png 300w, https:\/\/coolindrinks.com\/wp-content\/uploads\/2026\/03\/stripe-150x150.png 150w, https:\/\/coolindrinks.com\/wp-content\/uploads\/2026\/03\/stripe-430x430.png 430w, https:\/\/coolindrinks.com\/wp-content\/uploads\/2026\/03\/stripe.png 512w\" sizes=\"auto, (max-width: 60px) 100vw, 60px\" \/>\t\t\t\t\t\t\t\t\t\t\t\t\t<\/div>\n\t\t\t\t\t<\/div>\n\t\t\t\t\n\t\t\t\t<div class=\"info-box-content\">\n\t\t\t\t\t\n\t\t\t\t\t\t\t\t\t\t\t<h4\t\t\t\t\t\tclass=\"info-box-title title box-title-style-default wd-fontsize-xl\" data-elementor-setting-key=\"title\">\n\t\t\t\t\t\t\t\tPaiement 100% s\u00e9curis\u00e9\t\t\t\t\t\t<\/h4>\n\t\t\t\t\t\n\t\t\t\t\t<div class=\"info-box-inner reset-last-child\"data-elementor-setting-key=\"content\"><\/div>\n\n\t\t\t\t\t\t\t\t\t<\/div>\n\n\t\t\t\t\t\t\t<\/div>\n\t\t<\/div>\n\t\t\t\t\t\t<\/div>\n\t\t\t\t<\/div>\n\t\t\t\t<div class=\"elementor-element elementor-element-3449ecc elementor-widget elementor-widget-wd_infobox\" data-id=\"3449ecc\" data-element_type=\"widget\" data-e-type=\"widget\" data-widget_type=\"wd_infobox.default\">\n\t\t\t\t<div class=\"elementor-widget-container\">\n\t\t\t\t\t\t\t<div class=\"info-box-wrapper\">\n\t\t\t<div class=\"wd-info-box text-center box-icon-align-top box-style-base color-scheme-\">\n\t\t\t\t\t\t\t\t\t<div class=\"box-icon-wrapper  box-with-icon box-icon-simple\">\n\t\t\t\t\t\t<div class=\"info-box-icon\">\n\t\t\t\t\t\t\t\t\t\t\t\t\t\t\t<img loading=\"lazy\" decoding=\"async\" width=\"60\" height=\"60\" src=\"https:\/\/coolindrinks.com\/wp-content\/uploads\/2026\/03\/france-1-60x60.png\" class=\"attachment-60x60 size-60x60\" alt=\"\" srcset=\"https:\/\/coolindrinks.com\/wp-content\/uploads\/2026\/03\/france-1-60x60.png 60w, https:\/\/coolindrinks.com\/wp-content\/uploads\/2026\/03\/france-1-300x300.png 300w, https:\/\/coolindrinks.com\/wp-content\/uploads\/2026\/03\/france-1-150x150.png 150w, https:\/\/coolindrinks.com\/wp-content\/uploads\/2026\/03\/france-1-430x430.png 430w, https:\/\/coolindrinks.com\/wp-content\/uploads\/2026\/03\/france-1-45x45.png 45w, https:\/\/coolindrinks.com\/wp-content\/uploads\/2026\/03\/france-1-38x38.png 38w, https:\/\/coolindrinks.com\/wp-content\/uploads\/2026\/03\/france-1.png 512w\" sizes=\"auto, (max-width: 60px) 100vw, 60px\" \/>\t\t\t\t\t\t\t\t\t\t\t\t\t<\/div>\n\t\t\t\t\t<\/div>\n\t\t\t\t\n\t\t\t\t<div class=\"info-box-content\">\n\t\t\t\t\t\n\t\t\t\t\t\t\t\t\t\t\t<h4\t\t\t\t\t\tclass=\"info-box-title title box-title-style-default wd-fontsize-xl\" data-elementor-setting-key=\"title\">\n\t\t\t\t\t\t\t\tMade in France\t\t\t\t\t\t<\/h4>\n\t\t\t\t\t\n\t\t\t\t\t<div class=\"info-box-inner reset-last-child\"data-elementor-setting-key=\"content\"><\/div>\n\n\t\t\t\t\t\t\t\t\t<\/div>\n\n\t\t\t\t\t\t\t<\/div>\n\t\t<\/div>\n\t\t\t\t\t\t<\/div>\n\t\t\t\t<\/div>\n\t\t\t\t<div class=\"elementor-element elementor-element-3eff4e3 elementor-widget elementor-widget-wd_infobox\" data-id=\"3eff4e3\" data-element_type=\"widget\" data-e-type=\"widget\" data-widget_type=\"wd_infobox.default\">\n\t\t\t\t<div class=\"elementor-widget-container\">\n\t\t\t\t\t\t\t<div class=\"info-box-wrapper\">\n\t\t\t<div class=\"wd-info-box text-center box-icon-align-top box-style-base color-scheme-\">\n\t\t\t\t\t\t\t\t\t<div class=\"box-icon-wrapper  box-with-icon box-icon-simple\">\n\t\t\t\t\t\t<div class=\"info-box-icon\">\n\t\t\t\t\t\t\t\t\t\t\t\t\t\t\t<img loading=\"lazy\" decoding=\"async\" width=\"60\" height=\"60\" src=\"https:\/\/coolindrinks.com\/wp-content\/uploads\/2026\/03\/9-1-60x60.webp\" class=\"attachment-60x60 size-60x60\" alt=\"\" srcset=\"https:\/\/coolindrinks.com\/wp-content\/uploads\/2026\/03\/9-1-60x60.webp 60w, https:\/\/coolindrinks.com\/wp-content\/uploads\/2026\/03\/9-1-300x300.webp 300w, https:\/\/coolindrinks.com\/wp-content\/uploads\/2026\/03\/9-1-150x150.webp 150w, https:\/\/coolindrinks.com\/wp-content\/uploads\/2026\/03\/9-1-430x430.webp 430w, https:\/\/coolindrinks.com\/wp-content\/uploads\/2026\/03\/9-1.webp 512w\" sizes=\"auto, (max-width: 60px) 100vw, 60px\" \/>\t\t\t\t\t\t\t\t\t\t\t\t\t<\/div>\n\t\t\t\t\t<\/div>\n\t\t\t\t\n\t\t\t\t<div class=\"info-box-content\">\n\t\t\t\t\t\n\t\t\t\t\t\t\t\t\t\t\t<h4\t\t\t\t\t\tclass=\"info-box-title title box-title-style-default wd-fontsize-xl\" data-elementor-setting-key=\"title\">\n\t\t\t\t\t\t\t\t0% alcool\t\t\t\t\t\t<\/h4>\n\t\t\t\t\t\n\t\t\t\t\t<div class=\"info-box-inner reset-last-child\"data-elementor-setting-key=\"content\"><\/div>\n\n\t\t\t\t\t\t\t\t\t<\/div>\n\n\t\t\t\t\t\t\t<\/div>\n\t\t<\/div>\n\t\t\t\t\t\t<\/div>\n\t\t\t\t<\/div>\n\t\t\t\t<\/div>\n\t\t\t\t\t<\/div>\n\t\t\t\t<\/div>\n\t\t\t\t<\/div>","protected":false},"excerpt":{"rendered":"<p data-start=\"138\" data-end=\"311\">Delicate elderflower, bright lime, perfectly balanced fine bubbles.<br data-start=\"216\" data-end=\"219\" \/>Un spritz lumineux, rafra\u00eechissant et subtil \u2014 id\u00e9al pour partager vos ap\u00e9ritifs entre amis.<\/p>\n<p data-start=\"313\" data-end=\"363\"><strong data-start=\"313\" data-end=\"363\">Boisson faible en calories : 14 kcal \/ canette<\/strong><\/p>\n<hr data-start=\"365\" data-end=\"368\" \/>\n<p data-section-id=\"1ynew69\" data-start=\"370\" data-end=\"392\">\ud83d\udce6 <strong>Available in :<\/strong><\/p>\n<ul>\n<li data-start=\"393\" data-end=\"537\"><strong data-start=\"393\" data-end=\"432\">Pack de 6 canettes 25cl | 0% alcool<\/strong><\/li>\n<li data-start=\"393\" data-end=\"537\"><a href=\"https:\/\/coolindrinks.com\/en\/product\/hugo-spritz-la-fraicheur-florale\/\"><strong>Canette individuelle 25cl | 0% alcool<\/strong><\/a><\/li>\n<li data-start=\"393\" data-end=\"537\"><a href=\"https:\/\/coolindrinks.com\/en\/product\/hugo-spritz-la-fraicheur-florale-75-alcool\/\"><strong>Bouteille 50cl | 7.5% alcool<\/strong><\/a><\/li>\n<\/ul>\n<p data-start=\"393\" data-end=\"537\"><em>\u00c9conomisez avec le pack de 6 \u2013 id\u00e9al pour vos ap\u00e9ritifs<\/em><\/p>","protected":false},"featured_media":2557,"template":"","meta":[],"product_brand":[],"product_cat":[40,38],"product_tag":[],"class_list":{"0":"post-2568","1":"product","2":"type-product","3":"status-publish","4":"has-post-thumbnail","6":"product_cat-canettes-25cl","7":"product_cat-sans-alcool-0","9":"first","10":"instock","11":"shipping-taxable","12":"purchasable","13":"product-type-simple"},"_links":{"self":[{"href":"https:\/\/coolindrinks.com\/en\/wp-json\/wp\/v2\/product\/2568","targetHints":{"allow":["GET"]}}],"collection":[{"href":"https:\/\/coolindrinks.com\/en\/wp-json\/wp\/v2\/product"}],"about":[{"href":"https:\/\/coolindrinks.com\/en\/wp-json\/wp\/v2\/types\/product"}],"version-history":[{"count":9,"href":"https:\/\/coolindrinks.com\/en\/wp-json\/wp\/v2\/product\/2568\/revisions"}],"predecessor-version":[{"id":2579,"href":"https:\/\/coolindrinks.com\/en\/wp-json\/wp\/v2\/product\/2568\/revisions\/2579"}],"wp:featuredmedia":[{"embeddable":true,"href":"https:\/\/coolindrinks.com\/en\/wp-json\/wp\/v2\/media\/2557"}],"wp:attachment":[{"href":"https:\/\/coolindrinks.com\/en\/wp-json\/wp\/v2\/media?parent=2568"}],"wp:term":[{"taxonomy":"product_brand","embeddable":true,"href":"https:\/\/coolindrinks.com\/en\/wp-json\/wp\/v2\/product_brand?post=2568"},{"taxonomy":"product_cat","embeddable":true,"href":"https:\/\/coolindrinks.com\/en\/wp-json\/wp\/v2\/product_cat?post=2568"},{"taxonomy":"product_tag","embeddable":true,"href":"https:\/\/coolindrinks.com\/en\/wp-json\/wp\/v2\/product_tag?post=2568"}],"curies":[{"name":"wp","href":"https:\/\/api.w.org\/{rel}","templated":true}]}}