{"id":2508,"date":"2026-03-17T15:55:25","date_gmt":"2026-03-17T15:55:25","guid":{"rendered":"https:\/\/coolindrinks.com\/?post_type=product&#038;p=2508"},"modified":"2026-04-26T09:31:13","modified_gmt":"2026-04-26T09:31:13","slug":"g-tonic-25cl-pack-de-6","status":"publish","type":"product","link":"https:\/\/coolindrinks.com\/en\/product\/g-tonic-25cl-pack-de-6\/","title":{"rendered":"G-Tonic 25cl \u2013 Pack de 6"},"content":{"rendered":"<div data-elementor-type=\"wp-post\" data-elementor-id=\"2508\" class=\"elementor elementor-2508\">\n\t\t\t\t<div class=\"wd-negative-gap elementor-element elementor-element-a58bc92 e-flex e-con-boxed e-con e-parent\" data-id=\"a58bc92\" data-element_type=\"container\" data-e-type=\"container\">\n\t\t\t\t\t<div class=\"e-con-inner\">\n\t\t<div class=\"elementor-element elementor-element-bcf75ed e-grid e-con-full e-con e-child\" data-id=\"bcf75ed\" data-element_type=\"container\" data-e-type=\"container\">\n\t\t\t\t<div class=\"elementor-element elementor-element-bb2281e elementor-widget elementor-widget-wd_infobox\" data-id=\"bb2281e\" data-element_type=\"widget\" data-e-type=\"widget\" data-widget_type=\"wd_infobox.default\">\n\t\t\t\t<div class=\"elementor-widget-container\">\n\t\t\t\t\t\t\t<div class=\"info-box-wrapper\">\n\t\t\t<div class=\"wd-info-box text-center box-icon-align-top box-style-base color-scheme-\">\n\t\t\t\t\t\t\t\t\t<div class=\"box-icon-wrapper  box-with-icon box-icon-simple\">\n\t\t\t\t\t\t<div class=\"info-box-icon\">\n\t\t\t\t\t\t\t\t\t\t\t\t\t\t\t<img loading=\"lazy\" decoding=\"async\" width=\"60\" height=\"60\" src=\"https:\/\/coolindrinks.com\/wp-content\/uploads\/2026\/03\/orange-60x60.png\" class=\"attachment-60x60 size-60x60\" alt=\"\" srcset=\"https:\/\/coolindrinks.com\/wp-content\/uploads\/2026\/03\/orange-60x60.png 60w, https:\/\/coolindrinks.com\/wp-content\/uploads\/2026\/03\/orange-300x300.png 300w, https:\/\/coolindrinks.com\/wp-content\/uploads\/2026\/03\/orange-150x150.png 150w, https:\/\/coolindrinks.com\/wp-content\/uploads\/2026\/03\/orange-430x430.png 430w, https:\/\/coolindrinks.com\/wp-content\/uploads\/2026\/03\/orange.png 512w\" sizes=\"auto, (max-width: 60px) 100vw, 60px\" \/>\t\t\t\t\t\t\t\t\t\t\t\t\t<\/div>\n\t\t\t\t\t<\/div>\n\t\t\t\t\n\t\t\t\t<div class=\"info-box-content\">\n\t\t\t\t\t\n\t\t\t\t\t\t\t\t\t\t\t<h4\t\t\t\t\t\tclass=\"info-box-title title box-title-style-default wd-fontsize-xl\" data-elementor-setting-key=\"title\">\n\t\t\t\t\t\t\t\tAgrumes frais et lumineux \t\t\t\t\t\t<\/h4>\n\t\t\t\t\t\n\t\t\t\t\t<div class=\"info-box-inner reset-last-child\"data-elementor-setting-key=\"content\"><\/div>\n\n\t\t\t\t\t\t\t\t\t<\/div>\n\n\t\t\t\t\t\t\t<\/div>\n\t\t<\/div>\n\t\t\t\t\t\t<\/div>\n\t\t\t\t<\/div>\n\t\t\t\t<div class=\"elementor-element elementor-element-3e902c7 elementor-widget elementor-widget-wd_infobox\" data-id=\"3e902c7\" data-element_type=\"widget\" data-e-type=\"widget\" data-widget_type=\"wd_infobox.default\">\n\t\t\t\t<div class=\"elementor-widget-container\">\n\t\t\t\t\t\t\t<div class=\"info-box-wrapper\">\n\t\t\t<div class=\"wd-info-box text-center box-icon-align-top box-style-base color-scheme-\">\n\t\t\t\t\t\t\t\t\t<div class=\"box-icon-wrapper  box-with-icon box-icon-simple\">\n\t\t\t\t\t\t<div class=\"info-box-icon\">\n\t\t\t\t\t\t\t\t\t\t\t\t\t\t\t<img loading=\"lazy\" decoding=\"async\" width=\"60\" height=\"60\" src=\"https:\/\/coolindrinks.com\/wp-content\/uploads\/2026\/03\/bitter-gourd-60x60.png\" class=\"attachment-60x60 size-60x60\" alt=\"\" srcset=\"https:\/\/coolindrinks.com\/wp-content\/uploads\/2026\/03\/bitter-gourd-60x60.png 60w, https:\/\/coolindrinks.com\/wp-content\/uploads\/2026\/03\/bitter-gourd-300x300.png 300w, https:\/\/coolindrinks.com\/wp-content\/uploads\/2026\/03\/bitter-gourd-150x150.png 150w, https:\/\/coolindrinks.com\/wp-content\/uploads\/2026\/03\/bitter-gourd-430x430.png 430w, https:\/\/coolindrinks.com\/wp-content\/uploads\/2026\/03\/bitter-gourd.png 512w\" sizes=\"auto, (max-width: 60px) 100vw, 60px\" \/>\t\t\t\t\t\t\t\t\t\t\t\t\t<\/div>\n\t\t\t\t\t<\/div>\n\t\t\t\t\n\t\t\t\t<div class=\"info-box-content\">\n\t\t\t\t\t\n\t\t\t\t\t\t\t\t\t\t\t<h4\t\t\t\t\t\tclass=\"info-box-title title box-title-style-default wd-fontsize-xl\" data-elementor-setting-key=\"title\">\n\t\t\t\t\t\t\t\tAmertume \u00e9l\u00e9gante \t\t\t\t\t\t<\/h4>\n\t\t\t\t\t\n\t\t\t\t\t<div class=\"info-box-inner reset-last-child\"data-elementor-setting-key=\"content\"><\/div>\n\n\t\t\t\t\t\t\t\t\t<\/div>\n\n\t\t\t\t\t\t\t<\/div>\n\t\t<\/div>\n\t\t\t\t\t\t<\/div>\n\t\t\t\t<\/div>\n\t\t\t\t<div class=\"elementor-element elementor-element-0d4dcfe elementor-widget elementor-widget-wd_infobox\" data-id=\"0d4dcfe\" data-element_type=\"widget\" data-e-type=\"widget\" data-widget_type=\"wd_infobox.default\">\n\t\t\t\t<div class=\"elementor-widget-container\">\n\t\t\t\t\t\t\t<div class=\"info-box-wrapper\">\n\t\t\t<div class=\"wd-info-box text-center box-icon-align-top box-style-base color-scheme-\">\n\t\t\t\t\t\t\t\t\t<div class=\"box-icon-wrapper  box-with-icon box-icon-simple\">\n\t\t\t\t\t\t<div class=\"info-box-icon\">\n\t\t\t\t\t\t\t\t\t\t\t\t\t\t\t<img loading=\"lazy\" decoding=\"async\" width=\"60\" height=\"60\" src=\"https:\/\/coolindrinks.com\/wp-content\/uploads\/2026\/03\/bubbles-60x60.png\" class=\"attachment-60x60 size-60x60\" alt=\"\" srcset=\"https:\/\/coolindrinks.com\/wp-content\/uploads\/2026\/03\/bubbles-60x60.png 60w, https:\/\/coolindrinks.com\/wp-content\/uploads\/2026\/03\/bubbles-300x300.png 300w, https:\/\/coolindrinks.com\/wp-content\/uploads\/2026\/03\/bubbles-150x150.png 150w, https:\/\/coolindrinks.com\/wp-content\/uploads\/2026\/03\/bubbles-430x430.png 430w, https:\/\/coolindrinks.com\/wp-content\/uploads\/2026\/03\/bubbles.png 512w\" sizes=\"auto, (max-width: 60px) 100vw, 60px\" \/>\t\t\t\t\t\t\t\t\t\t\t\t\t<\/div>\n\t\t\t\t\t<\/div>\n\t\t\t\t\n\t\t\t\t<div class=\"info-box-content\">\n\t\t\t\t\t\n\t\t\t\t\t\t\t\t\t\t\t<h4\t\t\t\t\t\tclass=\"info-box-title title box-title-style-default wd-fontsize-xl\" data-elementor-setting-key=\"title\">\n\t\t\t\t\t\t\t\tEffervescence fine \t\t\t\t\t\t<\/h4>\n\t\t\t\t\t\n\t\t\t\t\t<div class=\"info-box-inner reset-last-child\"data-elementor-setting-key=\"content\"><\/div>\n\n\t\t\t\t\t\t\t\t\t<\/div>\n\n\t\t\t\t\t\t\t<\/div>\n\t\t<\/div>\n\t\t\t\t\t\t<\/div>\n\t\t\t\t<\/div>\n\t\t\t\t<\/div>\n\t\t\t\t<div class=\"elementor-element elementor-element-6a464d4 color-scheme-inherit text-left elementor-widget elementor-widget-text-editor\" data-id=\"6a464d4\" data-element_type=\"widget\" data-e-type=\"widget\" data-widget_type=\"text-editor.default\">\n\t\t\t\t\t\t\t\t\t<p data-start=\"958\" data-end=\"994\"><strong data-start=\"958\" data-end=\"994\">G-Tonic - Minimalist elegance<\/strong><\/p><p data-start=\"996\" data-end=\"1102\">Le G-Tonic COOL\u2019IN revisite l\u2019intemporel gin tonic dans une version sans alcool raffin\u00e9e et contemporaine.<\/p><p data-start=\"1104\" data-end=\"1138\"><strong data-start=\"1104\" data-end=\"1138\">Pourquoi vous allez l\u2019adorer :<\/strong><\/p><ul data-start=\"1139\" data-end=\"1256\"><li data-section-id=\"s7uvz3\" data-start=\"1139\" data-end=\"1175\"><p data-start=\"1141\" data-end=\"1175\">Alternative \u00e9l\u00e9gante sans alcool<\/p><\/li><li data-section-id=\"nkub8c\" data-start=\"1176\" data-end=\"1218\"><p data-start=\"1178\" data-end=\"1218\">Parfait pour l\u2019ap\u00e9ritif ou les soir\u00e9es<\/p><\/li><li data-section-id=\"nu3u4c\" data-start=\"1219\" data-end=\"1256\"><p data-start=\"1221\" data-end=\"1256\">L\u00e9ger et rafra\u00eechissant (14 kcal)<\/p><\/li><\/ul><p data-start=\"1258\" data-end=\"1283\"><strong data-start=\"1258\" data-end=\"1283\">Formats disponibles :<\/strong><\/p><ul data-start=\"1284\" data-end=\"1348\"><li data-section-id=\"1yjefhu\" data-start=\"1284\" data-end=\"1297\"><p data-start=\"1286\" data-end=\"1297\"><a href=\"https:\/\/coolindrinks.com\/en\/product\/g-tonic-lelegance-minimaliste\/\">\u00c0 l\u2019unit\u00e9<\/a><\/p><\/li><li data-section-id=\"rup3ty\" data-start=\"1298\" data-end=\"1311\"><p data-start=\"1300\" data-end=\"1311\">Pack de 6<\/p><\/li><li data-section-id=\"1l951q6\" data-start=\"1312\" data-end=\"1348\"><p data-start=\"1314\" data-end=\"1348\">Pack de 24 (le plus avantageux \ud83d\udd25)<\/p><\/li><\/ul>\t\t\t\t\t\t\t\t<\/div>\n\t\t\t\t<div class=\"elementor-element elementor-element-fa5a95b elementor-widget elementor-widget-wd_accordion\" data-id=\"fa5a95b\" data-element_type=\"widget\" data-e-type=\"widget\" data-widget_type=\"wd_accordion.default\">\n\t\t\t\t<div class=\"elementor-widget-container\">\n\t\t\t\t\t\n\t\t<div class=\"wd-accordion wd-style-shadow wd-titles-left wd-opener-pos-right wd-opener-style-plus\" data-state=\"first\">\n\t\t\t\t\t\t\t\n\t\t\t\t<div class=\"wd-accordion-item\">\n\t\t\t\t\t<div class=\"wd-accordion-title wd-role-btn wd-active\" data-accordion-index=\"0\" tabindex=\"0\">\n\t\t\t\t\t\t<div class=\"wd-accordion-title-text\">\n\t\t\t\t\t\t\t\t\t\t\t\t\t\t<span>\n\t\t\t\t\t\t\t\tDescription immersive\t\t\t\t\t\t\t<\/span>\n\t\t\t\t\t\t<\/div>\n\t\t\t\t\t\t<span class=\"wd-accordion-opener\"><\/span>\n\t\t\t\t\t<\/div>\n\n\t\t\t\t\t<div class=\"wd-accordion-content wd-entry-content wd-active\" data-accordion-index=\"0\">\n\t\t\t\t\t\t\t\t\t\t\t\t\t\n\t\t\t\t\t\t\t<p data-start=\"1400\" data-end=\"1447\"><strong data-start=\"1400\" data-end=\"1447\">Une nouvelle fa\u00e7on de savourer le gin tonic<\/strong><\/p><p data-start=\"1449\" data-end=\"1541\">\u00c9l\u00e9gant, frais et moderne, le <strong>G-Tonic COOL\u2019IN<\/strong> offre une exp\u00e9rience sophistiqu\u00e9e sans alcool.<\/p><p data-start=\"1543\" data-end=\"1702\">Sa fra\u00eecheur vive, sa structure d\u00e9licate et sa bulle fine cr\u00e9ent un \u00e9quilibre subtil, pens\u00e9 pour accompagner vos moments de d\u00e9gustation avec style et l\u00e9g\u00e8ret\u00e9.<\/p><p data-start=\"1704\" data-end=\"1785\">Un cocktail revisit\u00e9 pour celles et ceux qui recherchent le go\u00fbt, sans compromis.<\/p>\n\t\t\t\t\t\t\t\t\t\t\t\t\t\t\t\t\t\t<\/div>\n\t\t\t\t<\/div>\n\t\t\t\t\t\t\t\n\t\t\t\t<div class=\"wd-accordion-item\">\n\t\t\t\t\t<div class=\"wd-accordion-title wd-role-btn\" data-accordion-index=\"1\" tabindex=\"0\">\n\t\t\t\t\t\t<div class=\"wd-accordion-title-text\">\n\t\t\t\t\t\t\t\t\t\t\t\t\t\t<span>\n\t\t\t\t\t\t\t\tTemp\u00e9rature id\u00e9ale\t\t\t\t\t\t\t<\/span>\n\t\t\t\t\t\t<\/div>\n\t\t\t\t\t\t<span class=\"wd-accordion-opener\"><\/span>\n\t\t\t\t\t<\/div>\n\n\t\t\t\t\t<div class=\"wd-accordion-content wd-entry-content\" data-accordion-index=\"1\">\n\t\t\t\t\t\t\t\t\t\t\t\t\t\n\t\t\t\t\t\t\t<p>Servir <strong>entre 4\u00b0 et 6\u00b0C<\/strong><\/p><p>Conseil :<br \/>Servir avec :<\/p><ul><li>gla\u00e7ons<\/li><li>zeste de citron<\/li><li>branche de romarin<\/li><\/ul>\n\t\t\t\t\t\t\t\t\t\t\t\t\t\t\t\t\t\t<\/div>\n\t\t\t\t<\/div>\n\t\t\t\t\t\t\t\n\t\t\t\t<div class=\"wd-accordion-item\">\n\t\t\t\t\t<div class=\"wd-accordion-title wd-role-btn\" data-accordion-index=\"2\" tabindex=\"0\">\n\t\t\t\t\t\t<div class=\"wd-accordion-title-text\">\n\t\t\t\t\t\t\t\t\t\t\t\t\t\t<span>\n\t\t\t\t\t\t\t\tDelivery &amp; Returns policy\t\t\t\t\t\t\t<\/span>\n\t\t\t\t\t\t<\/div>\n\t\t\t\t\t\t<span class=\"wd-accordion-opener\"><\/span>\n\t\t\t\t\t<\/div>\n\n\t\t\t\t\t<div class=\"wd-accordion-content wd-entry-content\" data-accordion-index=\"2\">\n\t\t\t\t\t\t\t\t\t\t\t\t\t\n\t\t\t\t\t\t\t<p>Nous exp\u00e9dions vos commandes via Mondial Relay.<\/p><p>D\u00e9lais de livraison estim\u00e9s :<\/p><ul><li>France : 2 \u00e0 4 jours ouvr\u00e9s<\/li><li>Europe : 3 \u00e0 6 jours ouvr\u00e9s (selon pays)<\/li><\/ul><p>Livraison en point relais, s\u00e9lectionn\u00e9 lors du paiement.<\/p><p>Un num\u00e9ro de suivi vous est envoy\u00e9 d\u00e8s l\u2019exp\u00e9dition.<\/p><p>Consultez notre <a href=\"#_Politique_de_retours\">politique de livraison et de retour pour plus d\u2019informations.<\/a><\/p>\n\t\t\t\t\t\t\t\t\t\t\t\t\t\t\t\t\t\t<\/div>\n\t\t\t\t<\/div>\n\t\t\t\t\t\t\t\n\t\t\t\t<div class=\"wd-accordion-item\">\n\t\t\t\t\t<div class=\"wd-accordion-title wd-role-btn\" data-accordion-index=\"3\" tabindex=\"0\">\n\t\t\t\t\t\t<div class=\"wd-accordion-title-text\">\n\t\t\t\t\t\t\t\t\t\t\t\t\t\t<span>\n\t\t\t\t\t\t\t\tDetails\t\t\t\t\t\t\t<\/span>\n\t\t\t\t\t\t<\/div>\n\t\t\t\t\t\t<span class=\"wd-accordion-opener\"><\/span>\n\t\t\t\t\t<\/div>\n\n\t\t\t\t\t<div class=\"wd-accordion-content wd-entry-content\" data-accordion-index=\"3\">\n\t\t\t\t\t\t\t\t\t\t\t\t\t\n\t\t\t\t\t\t\t<p>Format : <strong>Canette 25cl<\/strong><\/p><p>Alcool : <strong>0%<\/strong><\/p><p>Origine : <strong>France<\/strong><\/p>\n\t\t\t\t\t\t\t\t\t\t\t\t\t\t\t\t\t\t<\/div>\n\t\t\t\t<\/div>\n\t\t\t\t\t\t\t\n\t\t\t\t<div class=\"wd-accordion-item\">\n\t\t\t\t\t<div class=\"wd-accordion-title wd-role-btn\" data-accordion-index=\"4\" tabindex=\"0\">\n\t\t\t\t\t\t<div class=\"wd-accordion-title-text\">\n\t\t\t\t\t\t\t\t\t\t\t\t\t\t<span>\n\t\t\t\t\t\t\t\tMoment de d\u00e9gustation\t\t\t\t\t\t\t<\/span>\n\t\t\t\t\t\t<\/div>\n\t\t\t\t\t\t<span class=\"wd-accordion-opener\"><\/span>\n\t\t\t\t\t<\/div>\n\n\t\t\t\t\t<div class=\"wd-accordion-content wd-entry-content\" data-accordion-index=\"4\">\n\t\t\t\t\t\t\t\t\t\t\t\t\t\n\t\t\t\t\t\t\t<p>Parfait pour :<\/p><ul><li>Ap\u00e9ritif chic<\/li><li>\u00c9v\u00e9nements<\/li><li>Restaurant<\/li><li>Pause \u00e9l\u00e9gante en journ\u00e9e<\/li><\/ul>\n\t\t\t\t\t\t\t\t\t\t\t\t\t\t\t\t\t\t<\/div>\n\t\t\t\t<\/div>\n\t\t\t\t\t<\/div>\n\t\t\t\t\t\t<\/div>\n\t\t\t\t<\/div>\n\t\t<div class=\"elementor-element elementor-element-28048a1 e-grid e-con-full e-con e-child\" data-id=\"28048a1\" data-element_type=\"container\" data-e-type=\"container\">\n\t\t\t\t<div class=\"elementor-element elementor-element-337ec0f elementor-widget elementor-widget-wd_infobox\" data-id=\"337ec0f\" data-element_type=\"widget\" data-e-type=\"widget\" data-widget_type=\"wd_infobox.default\">\n\t\t\t\t<div class=\"elementor-widget-container\">\n\t\t\t\t\t\t\t<div class=\"info-box-wrapper\">\n\t\t\t<div class=\"wd-info-box text-center box-icon-align-top box-style-base color-scheme-\">\n\t\t\t\t\t\t\t\t\t<div class=\"box-icon-wrapper  box-with-icon box-icon-simple\">\n\t\t\t\t\t\t<div class=\"info-box-icon\">\n\t\t\t\t\t\t\t\t\t\t\t\t\t\t\t<img loading=\"lazy\" decoding=\"async\" width=\"60\" height=\"60\" src=\"https:\/\/coolindrinks.com\/wp-content\/uploads\/2026\/03\/stripe-60x60.png\" class=\"attachment-60x60 size-60x60\" alt=\"\" srcset=\"https:\/\/coolindrinks.com\/wp-content\/uploads\/2026\/03\/stripe-60x60.png 60w, https:\/\/coolindrinks.com\/wp-content\/uploads\/2026\/03\/stripe-300x300.png 300w, https:\/\/coolindrinks.com\/wp-content\/uploads\/2026\/03\/stripe-150x150.png 150w, https:\/\/coolindrinks.com\/wp-content\/uploads\/2026\/03\/stripe-430x430.png 430w, https:\/\/coolindrinks.com\/wp-content\/uploads\/2026\/03\/stripe.png 512w\" sizes=\"auto, (max-width: 60px) 100vw, 60px\" \/>\t\t\t\t\t\t\t\t\t\t\t\t\t<\/div>\n\t\t\t\t\t<\/div>\n\t\t\t\t\n\t\t\t\t<div class=\"info-box-content\">\n\t\t\t\t\t\n\t\t\t\t\t\t\t\t\t\t\t<h4\t\t\t\t\t\tclass=\"info-box-title title box-title-style-default wd-fontsize-xl\" data-elementor-setting-key=\"title\">\n\t\t\t\t\t\t\t\tPaiement 100% s\u00e9curis\u00e9\t\t\t\t\t\t<\/h4>\n\t\t\t\t\t\n\t\t\t\t\t<div class=\"info-box-inner reset-last-child\"data-elementor-setting-key=\"content\"><\/div>\n\n\t\t\t\t\t\t\t\t\t<\/div>\n\n\t\t\t\t\t\t\t<\/div>\n\t\t<\/div>\n\t\t\t\t\t\t<\/div>\n\t\t\t\t<\/div>\n\t\t\t\t<div class=\"elementor-element elementor-element-42d1507 elementor-widget elementor-widget-wd_infobox\" data-id=\"42d1507\" data-element_type=\"widget\" data-e-type=\"widget\" data-widget_type=\"wd_infobox.default\">\n\t\t\t\t<div class=\"elementor-widget-container\">\n\t\t\t\t\t\t\t<div class=\"info-box-wrapper\">\n\t\t\t<div class=\"wd-info-box text-center box-icon-align-top box-style-base color-scheme-\">\n\t\t\t\t\t\t\t\t\t<div class=\"box-icon-wrapper  box-with-icon box-icon-simple\">\n\t\t\t\t\t\t<div class=\"info-box-icon\">\n\t\t\t\t\t\t\t\t\t\t\t\t\t\t\t<img loading=\"lazy\" decoding=\"async\" width=\"60\" height=\"60\" src=\"https:\/\/coolindrinks.com\/wp-content\/uploads\/2026\/03\/france-1-60x60.png\" class=\"attachment-60x60 size-60x60\" alt=\"\" srcset=\"https:\/\/coolindrinks.com\/wp-content\/uploads\/2026\/03\/france-1-60x60.png 60w, https:\/\/coolindrinks.com\/wp-content\/uploads\/2026\/03\/france-1-300x300.png 300w, https:\/\/coolindrinks.com\/wp-content\/uploads\/2026\/03\/france-1-150x150.png 150w, https:\/\/coolindrinks.com\/wp-content\/uploads\/2026\/03\/france-1-430x430.png 430w, https:\/\/coolindrinks.com\/wp-content\/uploads\/2026\/03\/france-1-45x45.png 45w, https:\/\/coolindrinks.com\/wp-content\/uploads\/2026\/03\/france-1-38x38.png 38w, https:\/\/coolindrinks.com\/wp-content\/uploads\/2026\/03\/france-1.png 512w\" sizes=\"auto, (max-width: 60px) 100vw, 60px\" \/>\t\t\t\t\t\t\t\t\t\t\t\t\t<\/div>\n\t\t\t\t\t<\/div>\n\t\t\t\t\n\t\t\t\t<div class=\"info-box-content\">\n\t\t\t\t\t\n\t\t\t\t\t\t\t\t\t\t\t<h4\t\t\t\t\t\tclass=\"info-box-title title box-title-style-default wd-fontsize-xl\" data-elementor-setting-key=\"title\">\n\t\t\t\t\t\t\t\tMade in France\t\t\t\t\t\t<\/h4>\n\t\t\t\t\t\n\t\t\t\t\t<div class=\"info-box-inner reset-last-child\"data-elementor-setting-key=\"content\"><\/div>\n\n\t\t\t\t\t\t\t\t\t<\/div>\n\n\t\t\t\t\t\t\t<\/div>\n\t\t<\/div>\n\t\t\t\t\t\t<\/div>\n\t\t\t\t<\/div>\n\t\t\t\t<div class=\"elementor-element elementor-element-2c272ab elementor-widget elementor-widget-wd_infobox\" data-id=\"2c272ab\" data-element_type=\"widget\" data-e-type=\"widget\" data-widget_type=\"wd_infobox.default\">\n\t\t\t\t<div class=\"elementor-widget-container\">\n\t\t\t\t\t\t\t<div class=\"info-box-wrapper\">\n\t\t\t<div class=\"wd-info-box text-center box-icon-align-top box-style-base color-scheme-\">\n\t\t\t\t\t\t\t\t\t<div class=\"box-icon-wrapper  box-with-icon box-icon-simple\">\n\t\t\t\t\t\t<div class=\"info-box-icon\">\n\t\t\t\t\t\t\t\t\t\t\t\t\t\t\t<img loading=\"lazy\" decoding=\"async\" width=\"60\" height=\"60\" src=\"https:\/\/coolindrinks.com\/wp-content\/uploads\/2026\/03\/9-1-60x60.webp\" class=\"attachment-60x60 size-60x60\" alt=\"\" srcset=\"https:\/\/coolindrinks.com\/wp-content\/uploads\/2026\/03\/9-1-60x60.webp 60w, https:\/\/coolindrinks.com\/wp-content\/uploads\/2026\/03\/9-1-300x300.webp 300w, https:\/\/coolindrinks.com\/wp-content\/uploads\/2026\/03\/9-1-150x150.webp 150w, https:\/\/coolindrinks.com\/wp-content\/uploads\/2026\/03\/9-1-430x430.webp 430w, https:\/\/coolindrinks.com\/wp-content\/uploads\/2026\/03\/9-1.webp 512w\" sizes=\"auto, (max-width: 60px) 100vw, 60px\" \/>\t\t\t\t\t\t\t\t\t\t\t\t\t<\/div>\n\t\t\t\t\t<\/div>\n\t\t\t\t\n\t\t\t\t<div class=\"info-box-content\">\n\t\t\t\t\t\n\t\t\t\t\t\t\t\t\t\t\t<h4\t\t\t\t\t\tclass=\"info-box-title title box-title-style-default wd-fontsize-xl\" data-elementor-setting-key=\"title\">\n\t\t\t\t\t\t\t\t0% alcool\t\t\t\t\t\t<\/h4>\n\t\t\t\t\t\n\t\t\t\t\t<div class=\"info-box-inner reset-last-child\"data-elementor-setting-key=\"content\"><\/div>\n\n\t\t\t\t\t\t\t\t\t<\/div>\n\n\t\t\t\t\t\t\t<\/div>\n\t\t<\/div>\n\t\t\t\t\t\t<\/div>\n\t\t\t\t<\/div>\n\t\t\t\t<\/div>\n\t\t\t\t\t<\/div>\n\t\t\t\t<\/div>\n\t\t\t\t<\/div>","protected":false},"excerpt":{"rendered":"<p data-start=\"697\" data-end=\"713\"><strong data-start=\"827\" data-end=\"850\">0% alcool \u2022 14 kcal<\/strong><\/p>\n<p data-start=\"715\" data-end=\"825\">Bright citrus notes, delicate bitterness, persistent bubbles.<br data-start=\"780\" data-end=\"783\" \/>A modernised, chic and balanced classic.<\/p>","protected":false},"featured_media":2509,"template":"","meta":[],"product_brand":[],"product_cat":[40,38],"product_tag":[],"class_list":{"0":"post-2508","1":"product","2":"type-product","3":"status-publish","4":"has-post-thumbnail","6":"product_cat-canettes-25cl","7":"product_cat-sans-alcool-0","9":"first","10":"instock","11":"shipping-taxable","12":"purchasable","13":"product-type-simple"},"_links":{"self":[{"href":"https:\/\/coolindrinks.com\/en\/wp-json\/wp\/v2\/product\/2508","targetHints":{"allow":["GET"]}}],"collection":[{"href":"https:\/\/coolindrinks.com\/en\/wp-json\/wp\/v2\/product"}],"about":[{"href":"https:\/\/coolindrinks.com\/en\/wp-json\/wp\/v2\/types\/product"}],"version-history":[{"count":9,"href":"https:\/\/coolindrinks.com\/en\/wp-json\/wp\/v2\/product\/2508\/revisions"}],"predecessor-version":[{"id":2520,"href":"https:\/\/coolindrinks.com\/en\/wp-json\/wp\/v2\/product\/2508\/revisions\/2520"}],"wp:featuredmedia":[{"embeddable":true,"href":"https:\/\/coolindrinks.com\/en\/wp-json\/wp\/v2\/media\/2509"}],"wp:attachment":[{"href":"https:\/\/coolindrinks.com\/en\/wp-json\/wp\/v2\/media?parent=2508"}],"wp:term":[{"taxonomy":"product_brand","embeddable":true,"href":"https:\/\/coolindrinks.com\/en\/wp-json\/wp\/v2\/product_brand?post=2508"},{"taxonomy":"product_cat","embeddable":true,"href":"https:\/\/coolindrinks.com\/en\/wp-json\/wp\/v2\/product_cat?post=2508"},{"taxonomy":"product_tag","embeddable":true,"href":"https:\/\/coolindrinks.com\/en\/wp-json\/wp\/v2\/product_tag?post=2508"}],"curies":[{"name":"wp","href":"https:\/\/api.w.org\/{rel}","templated":true}]}}