{"id":1312,"date":"2026-03-10T10:23:50","date_gmt":"2026-03-10T10:23:50","guid":{"rendered":"https:\/\/coolindrinks.com\/?post_type=product&#038;p=1312"},"modified":"2026-04-26T09:32:58","modified_gmt":"2026-04-26T09:32:58","slug":"moscow-mule-le-caractere-epice","status":"publish","type":"product","link":"https:\/\/coolindrinks.com\/en\/product\/moscow-mule-le-caractere-epice\/","title":{"rendered":"Moscow Mule - Spicy character"},"content":{"rendered":"<div data-elementor-type=\"wp-post\" data-elementor-id=\"1312\" class=\"elementor elementor-1312\">\n\t\t\t\t<div class=\"wd-negative-gap elementor-element elementor-element-54ddbc9 e-flex e-con-boxed e-con e-parent\" data-id=\"54ddbc9\" data-element_type=\"container\" data-e-type=\"container\">\n\t\t\t\t\t<div class=\"e-con-inner\">\n\t\t<div class=\"elementor-element elementor-element-ef6ed92 e-grid e-con-full e-con e-child\" data-id=\"ef6ed92\" data-element_type=\"container\" data-e-type=\"container\">\n\t\t\t\t<div class=\"elementor-element elementor-element-187cda9 elementor-widget elementor-widget-wd_infobox\" data-id=\"187cda9\" data-element_type=\"widget\" data-e-type=\"widget\" data-widget_type=\"wd_infobox.default\">\n\t\t\t\t<div class=\"elementor-widget-container\">\n\t\t\t\t\t\t\t<div class=\"info-box-wrapper\">\n\t\t\t<div class=\"wd-info-box text-center box-icon-align-top box-style-base color-scheme-\">\n\t\t\t\t\t\t\t\t\t<div class=\"box-icon-wrapper  box-with-icon box-icon-simple\">\n\t\t\t\t\t\t<div class=\"info-box-icon\">\n\t\t\t\t\t\t\t\t\t\t\t\t\t\t\t<img loading=\"lazy\" decoding=\"async\" width=\"60\" height=\"60\" src=\"https:\/\/coolindrinks.com\/wp-content\/uploads\/2026\/03\/ginger-60x60.png\" class=\"attachment-60x60 size-60x60\" alt=\"\" srcset=\"https:\/\/coolindrinks.com\/wp-content\/uploads\/2026\/03\/ginger-60x60.png 60w, https:\/\/coolindrinks.com\/wp-content\/uploads\/2026\/03\/ginger-300x300.png 300w, https:\/\/coolindrinks.com\/wp-content\/uploads\/2026\/03\/ginger-150x150.png 150w, https:\/\/coolindrinks.com\/wp-content\/uploads\/2026\/03\/ginger-430x430.png 430w, https:\/\/coolindrinks.com\/wp-content\/uploads\/2026\/03\/ginger.png 512w\" sizes=\"auto, (max-width: 60px) 100vw, 60px\" \/>\t\t\t\t\t\t\t\t\t\t\t\t\t<\/div>\n\t\t\t\t\t<\/div>\n\t\t\t\t\n\t\t\t\t<div class=\"info-box-content\">\n\t\t\t\t\t\n\t\t\t\t\t\t\t\t\t\t\t<h4\t\t\t\t\t\tclass=\"info-box-title title box-title-style-default wd-fontsize-xl\" data-elementor-setting-key=\"title\">\n\t\t\t\t\t\t\t\tGingembre frais et \u00e9pic\u00e9 \t\t\t\t\t\t<\/h4>\n\t\t\t\t\t\n\t\t\t\t\t<div class=\"info-box-inner reset-last-child\"data-elementor-setting-key=\"content\"><\/div>\n\n\t\t\t\t\t\t\t\t\t<\/div>\n\n\t\t\t\t\t\t\t<\/div>\n\t\t<\/div>\n\t\t\t\t\t\t<\/div>\n\t\t\t\t<\/div>\n\t\t\t\t<div class=\"elementor-element elementor-element-708b498 elementor-widget elementor-widget-wd_infobox\" data-id=\"708b498\" data-element_type=\"widget\" data-e-type=\"widget\" data-widget_type=\"wd_infobox.default\">\n\t\t\t\t<div class=\"elementor-widget-container\">\n\t\t\t\t\t\t\t<div class=\"info-box-wrapper\">\n\t\t\t<div class=\"wd-info-box text-center box-icon-align-top box-style-base color-scheme-\">\n\t\t\t\t\t\t\t\t\t<div class=\"box-icon-wrapper  box-with-icon box-icon-simple\">\n\t\t\t\t\t\t<div class=\"info-box-icon\">\n\t\t\t\t\t\t\t\t\t\t\t\t\t\t\t<img loading=\"lazy\" decoding=\"async\" width=\"60\" height=\"60\" src=\"https:\/\/coolindrinks.com\/wp-content\/uploads\/2026\/03\/Illustration-citron-vert-60x60.webp\" class=\"attachment-60x60 size-60x60\" alt=\"\" srcset=\"https:\/\/coolindrinks.com\/wp-content\/uploads\/2026\/03\/Illustration-citron-vert-60x60.webp 60w, https:\/\/coolindrinks.com\/wp-content\/uploads\/2026\/03\/Illustration-citron-vert-300x300.webp 300w, https:\/\/coolindrinks.com\/wp-content\/uploads\/2026\/03\/Illustration-citron-vert-150x150.webp 150w, https:\/\/coolindrinks.com\/wp-content\/uploads\/2026\/03\/Illustration-citron-vert-430x430.webp 430w, https:\/\/coolindrinks.com\/wp-content\/uploads\/2026\/03\/Illustration-citron-vert.webp 512w\" sizes=\"auto, (max-width: 60px) 100vw, 60px\" \/>\t\t\t\t\t\t\t\t\t\t\t\t\t<\/div>\n\t\t\t\t\t<\/div>\n\t\t\t\t\n\t\t\t\t<div class=\"info-box-content\">\n\t\t\t\t\t\n\t\t\t\t\t\t\t\t\t\t\t<h4\t\t\t\t\t\tclass=\"info-box-title title box-title-style-default wd-fontsize-xl\" data-elementor-setting-key=\"title\">\n\t\t\t\t\t\t\t\tCitron vert \u00e9clatant \t\t\t\t\t\t<\/h4>\n\t\t\t\t\t\n\t\t\t\t\t<div class=\"info-box-inner reset-last-child\"data-elementor-setting-key=\"content\"><\/div>\n\n\t\t\t\t\t\t\t\t\t<\/div>\n\n\t\t\t\t\t\t\t<\/div>\n\t\t<\/div>\n\t\t\t\t\t\t<\/div>\n\t\t\t\t<\/div>\n\t\t\t\t<div class=\"elementor-element elementor-element-a186f3b elementor-widget elementor-widget-wd_infobox\" data-id=\"a186f3b\" data-element_type=\"widget\" data-e-type=\"widget\" data-widget_type=\"wd_infobox.default\">\n\t\t\t\t<div class=\"elementor-widget-container\">\n\t\t\t\t\t\t\t<div class=\"info-box-wrapper\">\n\t\t\t<div class=\"wd-info-box text-center box-icon-align-top box-style-base color-scheme-\">\n\t\t\t\t\t\t\t\t\t<div class=\"box-icon-wrapper  box-with-icon box-icon-simple\">\n\t\t\t\t\t\t<div class=\"info-box-icon\">\n\t\t\t\t\t\t\t\t\t\t\t\t\t\t\t<img loading=\"lazy\" decoding=\"async\" width=\"60\" height=\"60\" src=\"https:\/\/coolindrinks.com\/wp-content\/uploads\/2026\/03\/bubbles-60x60.png\" class=\"attachment-60x60 size-60x60\" alt=\"\" srcset=\"https:\/\/coolindrinks.com\/wp-content\/uploads\/2026\/03\/bubbles-60x60.png 60w, https:\/\/coolindrinks.com\/wp-content\/uploads\/2026\/03\/bubbles-300x300.png 300w, https:\/\/coolindrinks.com\/wp-content\/uploads\/2026\/03\/bubbles-150x150.png 150w, https:\/\/coolindrinks.com\/wp-content\/uploads\/2026\/03\/bubbles-430x430.png 430w, https:\/\/coolindrinks.com\/wp-content\/uploads\/2026\/03\/bubbles.png 512w\" sizes=\"auto, (max-width: 60px) 100vw, 60px\" \/>\t\t\t\t\t\t\t\t\t\t\t\t\t<\/div>\n\t\t\t\t\t<\/div>\n\t\t\t\t\n\t\t\t\t<div class=\"info-box-content\">\n\t\t\t\t\t\n\t\t\t\t\t\t\t\t\t\t\t<h4\t\t\t\t\t\tclass=\"info-box-title title box-title-style-default wd-fontsize-xl\" data-elementor-setting-key=\"title\">\n\t\t\t\t\t\t\t\tBulle dynamique et rafra\u00eechissante \t\t\t\t\t\t<\/h4>\n\t\t\t\t\t\n\t\t\t\t\t<div class=\"info-box-inner reset-last-child\"data-elementor-setting-key=\"content\"><\/div>\n\n\t\t\t\t\t\t\t\t\t<\/div>\n\n\t\t\t\t\t\t\t<\/div>\n\t\t<\/div>\n\t\t\t\t\t\t<\/div>\n\t\t\t\t<\/div>\n\t\t\t\t<\/div>\n\t\t\t\t<div class=\"elementor-element elementor-element-59d28fc color-scheme-inherit text-left elementor-widget elementor-widget-text-editor\" data-id=\"59d28fc\" data-element_type=\"widget\" data-e-type=\"widget\" data-widget_type=\"text-editor.default\">\n\t\t\t\t\t\t\t\t\t<p>Le <strong>Moscow Mule COOL\u2019IN<\/strong> r\u00e9v\u00e8le toute l\u2019intensit\u00e9 du gingembre associ\u00e9e \u00e0 la fra\u00eecheur du citron vert et \u00e0 une effervescence vive.<\/p><p>Un cocktail structur\u00e9, \u00e9nergique et moderne\u2026 <strong>sans alcool<\/strong>.<\/p><p>Disponible en <strong>canette 25cl | 0% alcool<\/strong><\/p>\t\t\t\t\t\t\t\t<\/div>\n\t\t\t\t<div class=\"elementor-element elementor-element-6e20846 elementor-widget elementor-widget-wd_accordion\" data-id=\"6e20846\" data-element_type=\"widget\" data-e-type=\"widget\" data-widget_type=\"wd_accordion.default\">\n\t\t\t\t<div class=\"elementor-widget-container\">\n\t\t\t\t\t\n\t\t<div class=\"wd-accordion wd-style-shadow wd-titles-left wd-opener-pos-right wd-opener-style-plus\" data-state=\"first\">\n\t\t\t\t\t\t\t\n\t\t\t\t<div class=\"wd-accordion-item\">\n\t\t\t\t\t<div class=\"wd-accordion-title wd-role-btn wd-active\" data-accordion-index=\"0\" tabindex=\"0\">\n\t\t\t\t\t\t<div class=\"wd-accordion-title-text\">\n\t\t\t\t\t\t\t\t\t\t\t\t\t\t<span>\n\t\t\t\t\t\t\t\tDescription immersive\t\t\t\t\t\t\t<\/span>\n\t\t\t\t\t\t<\/div>\n\t\t\t\t\t\t<span class=\"wd-accordion-opener\"><\/span>\n\t\t\t\t\t<\/div>\n\n\t\t\t\t\t<div class=\"wd-accordion-content wd-entry-content wd-active\" data-accordion-index=\"0\">\n\t\t\t\t\t\t\t\t\t\t\t\t\t\n\t\t\t\t\t\t\t<p>Le Moscow Mule est un cocktail iconique connu pour son caract\u00e8re vibrant et sa fra\u00eecheur intense.<\/p><p>Dans cette version <strong>COOL'IN<\/strong>, le gingembre exprime toute sa puissance aromatique, \u00e9quilibr\u00e9e par la vivacit\u00e9 du citron vert et une bulle dynamique.<\/p><p>R\u00e9sultat : un cocktail moderne, \u00e9nergique et parfaitement \u00e9quilibr\u00e9, qui conserve toute la personnalit\u00e9 du classique\u2026 <strong>sans les effets de l\u2019alcool<\/strong>.<\/p><p>Une alternative raffin\u00e9e pour celles et ceux qui recherchent du go\u00fbt, du relief et du style.<\/p>\n\t\t\t\t\t\t\t\t\t\t\t\t\t\t\t\t\t\t<\/div>\n\t\t\t\t<\/div>\n\t\t\t\t\t\t\t\n\t\t\t\t<div class=\"wd-accordion-item\">\n\t\t\t\t\t<div class=\"wd-accordion-title wd-role-btn\" data-accordion-index=\"1\" tabindex=\"0\">\n\t\t\t\t\t\t<div class=\"wd-accordion-title-text\">\n\t\t\t\t\t\t\t\t\t\t\t\t\t\t<span>\n\t\t\t\t\t\t\t\tTemp\u00e9rature id\u00e9ale\t\t\t\t\t\t\t<\/span>\n\t\t\t\t\t\t<\/div>\n\t\t\t\t\t\t<span class=\"wd-accordion-opener\"><\/span>\n\t\t\t\t\t<\/div>\n\n\t\t\t\t\t<div class=\"wd-accordion-content wd-entry-content\" data-accordion-index=\"1\">\n\t\t\t\t\t\t\t\t\t\t\t\t\t\n\t\t\t\t\t\t\t<p>Servir <strong>tr\u00e8s frais entre 4\u00b0 et 6\u00b0C<\/strong><\/p><p>Conseil de service :<\/p><p>Ajouter :<\/p><ul><li>gla\u00e7ons<\/li><li>quartier de citron vert<\/li><li>feuille de menthe<\/li><\/ul>\n\t\t\t\t\t\t\t\t\t\t\t\t\t\t\t\t\t\t<\/div>\n\t\t\t\t<\/div>\n\t\t\t\t\t\t\t\n\t\t\t\t<div class=\"wd-accordion-item\">\n\t\t\t\t\t<div class=\"wd-accordion-title wd-role-btn\" data-accordion-index=\"2\" tabindex=\"0\">\n\t\t\t\t\t\t<div class=\"wd-accordion-title-text\">\n\t\t\t\t\t\t\t\t\t\t\t\t\t\t<span>\n\t\t\t\t\t\t\t\tDelivery &amp; Returns policy\t\t\t\t\t\t\t<\/span>\n\t\t\t\t\t\t<\/div>\n\t\t\t\t\t\t<span class=\"wd-accordion-opener\"><\/span>\n\t\t\t\t\t<\/div>\n\n\t\t\t\t\t<div class=\"wd-accordion-content wd-entry-content\" data-accordion-index=\"2\">\n\t\t\t\t\t\t\t\t\t\t\t\t\t\n\t\t\t\t\t\t\t<p>Exp\u00e9dition via <strong>Mondial Relay Pro<\/strong>.<\/p><p>France : <strong>2 \u00e0 4 jours ouvr\u00e9s<\/strong><\/p><p>Suivi colis envoy\u00e9 par email d\u00e8s l\u2019exp\u00e9dition. Pour plus d\u2019informations, ici notre <a href=\"#_Politique_de_retours\">politique de retour<\/a>.<\/p>\n\t\t\t\t\t\t\t\t\t\t\t\t\t\t\t\t\t\t<\/div>\n\t\t\t\t<\/div>\n\t\t\t\t\t\t\t\n\t\t\t\t<div class=\"wd-accordion-item\">\n\t\t\t\t\t<div class=\"wd-accordion-title wd-role-btn\" data-accordion-index=\"3\" tabindex=\"0\">\n\t\t\t\t\t\t<div class=\"wd-accordion-title-text\">\n\t\t\t\t\t\t\t\t\t\t\t\t\t\t<span>\n\t\t\t\t\t\t\t\tDetails\t\t\t\t\t\t\t<\/span>\n\t\t\t\t\t\t<\/div>\n\t\t\t\t\t\t<span class=\"wd-accordion-opener\"><\/span>\n\t\t\t\t\t<\/div>\n\n\t\t\t\t\t<div class=\"wd-accordion-content wd-entry-content\" data-accordion-index=\"3\">\n\t\t\t\t\t\t\t\t\t\t\t\t\t\n\t\t\t\t\t\t\t<p>Format : <strong>Canette 25cl<\/strong><\/p><p>Alcool : <strong>0%<\/strong><\/p><p>Origine : <strong>France<\/strong><\/p>\n\t\t\t\t\t\t\t\t\t\t\t\t\t\t\t\t\t\t<\/div>\n\t\t\t\t<\/div>\n\t\t\t\t\t\t\t\n\t\t\t\t<div class=\"wd-accordion-item\">\n\t\t\t\t\t<div class=\"wd-accordion-title wd-role-btn\" data-accordion-index=\"4\" tabindex=\"0\">\n\t\t\t\t\t\t<div class=\"wd-accordion-title-text\">\n\t\t\t\t\t\t\t\t\t\t\t\t\t\t<span>\n\t\t\t\t\t\t\t\tMoment de d\u00e9gustation\t\t\t\t\t\t\t<\/span>\n\t\t\t\t\t\t<\/div>\n\t\t\t\t\t\t<span class=\"wd-accordion-opener\"><\/span>\n\t\t\t\t\t<\/div>\n\n\t\t\t\t\t<div class=\"wd-accordion-content wd-entry-content\" data-accordion-index=\"4\">\n\t\t\t\t\t\t\t\t\t\t\t\t\t\n\t\t\t\t\t\t\t<p>Parfait pour :<\/p><ul><li>Ap\u00e9ritif moderne<\/li><li>Soir\u00e9e festive<\/li><li>Moment rafra\u00eechissant en journ\u00e9e<\/li><li>Afterwork<\/li><\/ul>\n\t\t\t\t\t\t\t\t\t\t\t\t\t\t\t\t\t\t<\/div>\n\t\t\t\t<\/div>\n\t\t\t\t\t<\/div>\n\t\t\t\t\t\t<\/div>\n\t\t\t\t<\/div>\n\t\t<div class=\"elementor-element elementor-element-602548a e-grid e-con-full e-con e-child\" data-id=\"602548a\" data-element_type=\"container\" data-e-type=\"container\">\n\t\t\t\t<div class=\"elementor-element elementor-element-3c1a18f elementor-widget elementor-widget-wd_infobox\" data-id=\"3c1a18f\" data-element_type=\"widget\" data-e-type=\"widget\" data-widget_type=\"wd_infobox.default\">\n\t\t\t\t<div class=\"elementor-widget-container\">\n\t\t\t\t\t\t\t<div class=\"info-box-wrapper\">\n\t\t\t<div class=\"wd-info-box text-center box-icon-align-top box-style-base color-scheme-\">\n\t\t\t\t\t\t\t\t\t<div class=\"box-icon-wrapper  box-with-icon box-icon-simple\">\n\t\t\t\t\t\t<div class=\"info-box-icon\">\n\t\t\t\t\t\t\t\t\t\t\t\t\t\t\t<img loading=\"lazy\" decoding=\"async\" width=\"60\" height=\"60\" src=\"https:\/\/coolindrinks.com\/wp-content\/uploads\/2026\/03\/stripe-60x60.png\" class=\"attachment-60x60 size-60x60\" alt=\"\" srcset=\"https:\/\/coolindrinks.com\/wp-content\/uploads\/2026\/03\/stripe-60x60.png 60w, https:\/\/coolindrinks.com\/wp-content\/uploads\/2026\/03\/stripe-300x300.png 300w, https:\/\/coolindrinks.com\/wp-content\/uploads\/2026\/03\/stripe-150x150.png 150w, https:\/\/coolindrinks.com\/wp-content\/uploads\/2026\/03\/stripe-430x430.png 430w, https:\/\/coolindrinks.com\/wp-content\/uploads\/2026\/03\/stripe.png 512w\" sizes=\"auto, (max-width: 60px) 100vw, 60px\" \/>\t\t\t\t\t\t\t\t\t\t\t\t\t<\/div>\n\t\t\t\t\t<\/div>\n\t\t\t\t\n\t\t\t\t<div class=\"info-box-content\">\n\t\t\t\t\t\n\t\t\t\t\t\t\t\t\t\t\t<h4\t\t\t\t\t\tclass=\"info-box-title title box-title-style-default wd-fontsize-xl\" data-elementor-setting-key=\"title\">\n\t\t\t\t\t\t\t\tPaiement s\u00e9curis\u00e9 \u2013 Stripe\t\t\t\t\t\t<\/h4>\n\t\t\t\t\t\n\t\t\t\t\t<div class=\"info-box-inner reset-last-child\"data-elementor-setting-key=\"content\"><\/div>\n\n\t\t\t\t\t\t\t\t\t<\/div>\n\n\t\t\t\t\t\t\t<\/div>\n\t\t<\/div>\n\t\t\t\t\t\t<\/div>\n\t\t\t\t<\/div>\n\t\t\t\t<div class=\"elementor-element elementor-element-aa23199 elementor-widget elementor-widget-wd_infobox\" data-id=\"aa23199\" data-element_type=\"widget\" data-e-type=\"widget\" data-widget_type=\"wd_infobox.default\">\n\t\t\t\t<div class=\"elementor-widget-container\">\n\t\t\t\t\t\t\t<div class=\"info-box-wrapper\">\n\t\t\t<div class=\"wd-info-box text-center box-icon-align-top box-style-base color-scheme-\">\n\t\t\t\t\t\t\t\t\t<div class=\"box-icon-wrapper  box-with-icon box-icon-simple\">\n\t\t\t\t\t\t<div class=\"info-box-icon\">\n\t\t\t\t\t\t\t\t\t\t\t\t\t\t\t<img loading=\"lazy\" decoding=\"async\" width=\"60\" height=\"60\" src=\"https:\/\/coolindrinks.com\/wp-content\/uploads\/2026\/03\/france-1-60x60.png\" class=\"attachment-60x60 size-60x60\" alt=\"\" srcset=\"https:\/\/coolindrinks.com\/wp-content\/uploads\/2026\/03\/france-1-60x60.png 60w, https:\/\/coolindrinks.com\/wp-content\/uploads\/2026\/03\/france-1-300x300.png 300w, https:\/\/coolindrinks.com\/wp-content\/uploads\/2026\/03\/france-1-150x150.png 150w, https:\/\/coolindrinks.com\/wp-content\/uploads\/2026\/03\/france-1-430x430.png 430w, https:\/\/coolindrinks.com\/wp-content\/uploads\/2026\/03\/france-1-45x45.png 45w, https:\/\/coolindrinks.com\/wp-content\/uploads\/2026\/03\/france-1-38x38.png 38w, https:\/\/coolindrinks.com\/wp-content\/uploads\/2026\/03\/france-1.png 512w\" sizes=\"auto, (max-width: 60px) 100vw, 60px\" \/>\t\t\t\t\t\t\t\t\t\t\t\t\t<\/div>\n\t\t\t\t\t<\/div>\n\t\t\t\t\n\t\t\t\t<div class=\"info-box-content\">\n\t\t\t\t\t\n\t\t\t\t\t\t\t\t\t\t\t<h4\t\t\t\t\t\tclass=\"info-box-title title box-title-style-default wd-fontsize-xl\" data-elementor-setting-key=\"title\">\n\t\t\t\t\t\t\t\tMade in France\t\t\t\t\t\t<\/h4>\n\t\t\t\t\t\n\t\t\t\t\t<div class=\"info-box-inner reset-last-child\"data-elementor-setting-key=\"content\"><\/div>\n\n\t\t\t\t\t\t\t\t\t<\/div>\n\n\t\t\t\t\t\t\t<\/div>\n\t\t<\/div>\n\t\t\t\t\t\t<\/div>\n\t\t\t\t<\/div>\n\t\t\t\t<div class=\"elementor-element elementor-element-398e9e8 elementor-widget elementor-widget-wd_infobox\" data-id=\"398e9e8\" data-element_type=\"widget\" data-e-type=\"widget\" data-widget_type=\"wd_infobox.default\">\n\t\t\t\t<div class=\"elementor-widget-container\">\n\t\t\t\t\t\t\t<div class=\"info-box-wrapper\">\n\t\t\t<div class=\"wd-info-box text-center box-icon-align-top box-style-base color-scheme-\">\n\t\t\t\t\t\t\t\t\t<div class=\"box-icon-wrapper  box-with-icon box-icon-simple\">\n\t\t\t\t\t\t<div class=\"info-box-icon\">\n\t\t\t\t\t\t\t\t\t\t\t\t\t\t\t<img loading=\"lazy\" decoding=\"async\" width=\"60\" height=\"60\" src=\"https:\/\/coolindrinks.com\/wp-content\/uploads\/2026\/03\/tea-leaves-60x60.png\" class=\"attachment-60x60 size-60x60\" alt=\"\" srcset=\"https:\/\/coolindrinks.com\/wp-content\/uploads\/2026\/03\/tea-leaves-60x60.png 60w, https:\/\/coolindrinks.com\/wp-content\/uploads\/2026\/03\/tea-leaves-300x300.png 300w, https:\/\/coolindrinks.com\/wp-content\/uploads\/2026\/03\/tea-leaves-150x150.png 150w, https:\/\/coolindrinks.com\/wp-content\/uploads\/2026\/03\/tea-leaves-430x430.png 430w, https:\/\/coolindrinks.com\/wp-content\/uploads\/2026\/03\/tea-leaves.png 512w\" sizes=\"auto, (max-width: 60px) 100vw, 60px\" \/>\t\t\t\t\t\t\t\t\t\t\t\t\t<\/div>\n\t\t\t\t\t<\/div>\n\t\t\t\t\n\t\t\t\t<div class=\"info-box-content\">\n\t\t\t\t\t\n\t\t\t\t\t\t\t\t\t\t\t<h4\t\t\t\t\t\tclass=\"info-box-title title box-title-style-default wd-fontsize-xl\" data-elementor-setting-key=\"title\">\n\t\t\t\t\t\t\t\t0% alcool\t\t\t\t\t\t<\/h4>\n\t\t\t\t\t\n\t\t\t\t\t<div class=\"info-box-inner reset-last-child\"data-elementor-setting-key=\"content\"><\/div>\n\n\t\t\t\t\t\t\t\t\t<\/div>\n\n\t\t\t\t\t\t\t<\/div>\n\t\t<\/div>\n\t\t\t\t\t\t<\/div>\n\t\t\t\t<\/div>\n\t\t\t\t<\/div>\n\t\t\t\t\t<\/div>\n\t\t\t\t<\/div>\n\t\t\t\t<\/div>","protected":false},"excerpt":{"rendered":"<p>Expressive ginger, bright lime, dynamic effervescence.<br \/>\nLively, well-structured, modern. to be savoured without a difficult tomorrow<\/p>\n<p>Boisson faible en calories: 18 Kcal<\/p>\n<p>Available in 25cl cans | 0% of alcohol<\/p>","protected":false},"featured_media":1731,"template":"","meta":[],"product_brand":[],"product_cat":[40],"product_tag":[],"class_list":{"0":"post-1312","1":"product","2":"type-product","3":"status-publish","4":"has-post-thumbnail","6":"product_cat-canettes-25cl","8":"first","9":"instock","10":"shipping-taxable","11":"purchasable","12":"product-type-simple"},"_links":{"self":[{"href":"https:\/\/coolindrinks.com\/en\/wp-json\/wp\/v2\/product\/1312","targetHints":{"allow":["GET"]}}],"collection":[{"href":"https:\/\/coolindrinks.com\/en\/wp-json\/wp\/v2\/product"}],"about":[{"href":"https:\/\/coolindrinks.com\/en\/wp-json\/wp\/v2\/types\/product"}],"version-history":[{"count":19,"href":"https:\/\/coolindrinks.com\/en\/wp-json\/wp\/v2\/product\/1312\/revisions"}],"predecessor-version":[{"id":2616,"href":"https:\/\/coolindrinks.com\/en\/wp-json\/wp\/v2\/product\/1312\/revisions\/2616"}],"wp:featuredmedia":[{"embeddable":true,"href":"https:\/\/coolindrinks.com\/en\/wp-json\/wp\/v2\/media\/1731"}],"wp:attachment":[{"href":"https:\/\/coolindrinks.com\/en\/wp-json\/wp\/v2\/media?parent=1312"}],"wp:term":[{"taxonomy":"product_brand","embeddable":true,"href":"https:\/\/coolindrinks.com\/en\/wp-json\/wp\/v2\/product_brand?post=1312"},{"taxonomy":"product_cat","embeddable":true,"href":"https:\/\/coolindrinks.com\/en\/wp-json\/wp\/v2\/product_cat?post=1312"},{"taxonomy":"product_tag","embeddable":true,"href":"https:\/\/coolindrinks.com\/en\/wp-json\/wp\/v2\/product_tag?post=1312"}],"curies":[{"name":"wp","href":"https:\/\/api.w.org\/{rel}","templated":true}]}}