{"id":1637,"date":"2026-03-10T17:37:53","date_gmt":"2026-03-10T17:37:53","guid":{"rendered":"https:\/\/coolindrinks.com\/?page_id=1637"},"modified":"2026-03-16T15:29:27","modified_gmt":"2026-03-16T15:29:27","slug":"site-securise","status":"publish","type":"page","link":"https:\/\/coolindrinks.com\/en\/site-securise\/","title":{"rendered":"Secure site"},"content":{"rendered":"<div data-elementor-type=\"wp-page\" data-elementor-id=\"1637\" class=\"elementor elementor-1637\">\n\t\t\t\t<div class=\"wd-negative-gap elementor-element elementor-element-0055aa7 wd-section-stretch e-flex e-con-boxed e-con e-parent\" data-id=\"0055aa7\" data-element_type=\"container\" data-e-type=\"container\" data-settings=\"{&quot;background_background&quot;:&quot;classic&quot;}\">\n\t\t\t\t\t<div class=\"e-con-inner\">\n\t\t\t\t<div class=\"elementor-element elementor-element-f04e611 wd-animation-zoom-in wd_delay_250 wd-width-100 wd-animation-normal wd-animation wd-transform elementor-widget elementor-widget-wd_title\" data-id=\"f04e611\" data-element_type=\"widget\" data-e-type=\"widget\" data-widget_type=\"wd_title.default\">\n\t\t\t\t<div class=\"elementor-widget-container\">\n\t\t\t\t\t\t\t<div class=\"title-wrapper wd-set-mb reset-last-child wd-title-color-white wd-title-style-default wd-title-size-default text-center\">\n\n\t\t\t\n\t\t\t<div class=\"liner-continer\">\n\t\t\t\t<h1 class=\"woodmart-title-container title wd-fontsize-l\">Paiement s\u00e9curis\u00e9<\/h1> \n\t\t\t\t\t\t\t<\/div>\n\n\t\t\t\t\t<\/div>\n\t\t\t\t\t\t<\/div>\n\t\t\t\t<\/div>\n\t\t\t\t\t<\/div>\n\t\t\t\t<\/div>\n\t\t<div class=\"elementor-element elementor-element-9467660 e-flex e-con-boxed e-con e-parent\" data-id=\"9467660\" data-element_type=\"container\" data-e-type=\"container\">\n\t\t\t\t\t<div class=\"e-con-inner\">\n\t\t\t\t<div class=\"elementor-element elementor-element-98420ef color-scheme-inherit text-left elementor-widget elementor-widget-text-editor\" data-id=\"98420ef\" data-element_type=\"widget\" data-e-type=\"widget\" data-widget_type=\"text-editor.default\">\n\t\t\t\t\t\t\t\t\t<p><strong>Paiement s\u00e9curis\u00e9 | Cool\u2019In<\/strong><\/p><p><strong>Votre s\u00e9curit\u00e9, notre priorit\u00e9<\/strong><\/p><p>Chez <strong>Cool\u2019In<\/strong>, nous prenons <strong>la s\u00e9curit\u00e9 de vos paiements tr\u00e8s au s\u00e9rieux<\/strong>. Toutes vos transactions sur notre site sont prot\u00e9g\u00e9es gr\u00e2ce aux derni\u00e8res technologies de cryptage et aux standards internationaux de s\u00e9curit\u00e9.<\/p><hr \/><p><strong><br \/>\ud83d\udd12 Comment vos paiements sont s\u00e9curis\u00e9s<\/strong><\/p><ol><li><strong>Connexion s\u00e9curis\u00e9e SSL<\/strong><br \/>Toutes nos pages de paiement sont s\u00e9curis\u00e9es par un certificat SSL. Cela signifie que vos donn\u00e9es sont <strong>crypt\u00e9es et transmises en toute s\u00e9curit\u00e9<\/strong>.<\/li><li><strong>Protocoles de paiement fiables<\/strong><br \/>Nous travaillons avec des prestataires de confiance :<ul><li><strong>Cartes bancaires (Visa, Mastercard, American Express)<\/strong><\/li><li><strong>PayPal<\/strong><\/li><li><strong>Stripe<\/strong><br \/>Chaque transaction est authentifi\u00e9e pour <strong>pr\u00e9venir toute fraude<\/strong>.<\/li><\/ul><\/li><li><strong>Protection contre la fraude<\/strong><br \/>Nos syst\u00e8mes d\u00e9tectent et bloquent automatiquement <strong>les tentatives de paiement suspectes<\/strong> pour garantir votre tranquillit\u00e9 d\u2019esprit.<\/li><\/ol><hr \/><p><strong><br \/>\ud83d\udee1\ufe0f Vos donn\u00e9es personnelles sont prot\u00e9g\u00e9es<\/strong><\/p><ul><li>Vos informations bancaires <strong>ne sont jamais stock\u00e9es sur nos serveurs<\/strong>.<\/li><li>Nous respectons la <strong>r\u00e9glementation RGPD<\/strong> et nous nous engageons \u00e0 prot\u00e9ger vos donn\u00e9es personnelles.<\/li><li>Vos coordonn\u00e9es sont utilis\u00e9es <strong>uniquement pour traiter vos commandes<\/strong>.<\/li><\/ul><hr \/><p><strong><br \/>\u2753 FAQ rapide<\/strong><\/p><p><strong>Puis-je payer sans cr\u00e9er de compte ?<\/strong><br \/>Oui, nos options de paiement vous permettent de r\u00e9gler votre commande sans inscription.<\/p><p><strong>Le paiement est-il s\u00e9curis\u00e9 sur mobile ?<\/strong><br \/>Absolument, toutes nos pages sont <strong>optimis\u00e9es et s\u00e9curis\u00e9es sur tous les appareils<\/strong>.<\/p><p><strong>Que faire si mon paiement est refus\u00e9 ?<\/strong><br \/>V\u00e9rifiez vos informations bancaires et contactez votre banque si n\u00e9cessaire. Vous pouvez aussi contacter notre support \u00e0 contact@coolindrinks.com<\/p><hr \/><p><strong><br \/>\u2705 Nos engagements<\/strong><\/p><ul><li>Paiement <strong>100% s\u00e9curis\u00e9<\/strong><\/li><li>Confidentialit\u00e9 totale de vos donn\u00e9es<\/li><li>Assistance rapide en cas de probl\u00e8me<\/li><\/ul><p>Pour en savoir plus, vous pouvez consulter nos <a href=\"#_Mentions_l\u00e9gales\">Legal information<\/a> et notre <a href=\"#_Politique_confidentialit\u00e9\">Politique de confidentialit\u00e9<\/a>.<\/p>\t\t\t\t\t\t\t\t<\/div>\n\t\t\t\t\t<\/div>\n\t\t\t\t<\/div>\n\t\t\t\t<\/div>","protected":false},"excerpt":{"rendered":"<p>Paiement s\u00e9curis\u00e9 Paiement s\u00e9curis\u00e9 | Cool\u2019In Votre s\u00e9curit\u00e9, notre priorit\u00e9 Chez Cool\u2019In, nous prenons la s\u00e9curit\u00e9 de vos paiements tr\u00e8s<\/p>","protected":false},"author":1,"featured_media":0,"parent":0,"menu_order":0,"comment_status":"closed","ping_status":"closed","template":"","meta":{"footnotes":""},"class_list":["post-1637","page","type-page","status-publish","hentry"],"_links":{"self":[{"href":"https:\/\/coolindrinks.com\/en\/wp-json\/wp\/v2\/pages\/1637","targetHints":{"allow":["GET"]}}],"collection":[{"href":"https:\/\/coolindrinks.com\/en\/wp-json\/wp\/v2\/pages"}],"about":[{"href":"https:\/\/coolindrinks.com\/en\/wp-json\/wp\/v2\/types\/page"}],"author":[{"embeddable":true,"href":"https:\/\/coolindrinks.com\/en\/wp-json\/wp\/v2\/users\/1"}],"replies":[{"embeddable":true,"href":"https:\/\/coolindrinks.com\/en\/wp-json\/wp\/v2\/comments?post=1637"}],"version-history":[{"count":19,"href":"https:\/\/coolindrinks.com\/en\/wp-json\/wp\/v2\/pages\/1637\/revisions"}],"predecessor-version":[{"id":2491,"href":"https:\/\/coolindrinks.com\/en\/wp-json\/wp\/v2\/pages\/1637\/revisions\/2491"}],"wp:attachment":[{"href":"https:\/\/coolindrinks.com\/en\/wp-json\/wp\/v2\/media?parent=1637"}],"curies":[{"name":"wp","href":"https:\/\/api.w.org\/{rel}","templated":true}]}}