{"id":1595,"date":"2026-03-10T17:27:18","date_gmt":"2026-03-10T17:27:18","guid":{"rendered":"https:\/\/coolindrinks.com\/?page_id=1595"},"modified":"2026-04-07T04:12:16","modified_gmt":"2026-04-07T04:12:16","slug":"mentions-legales","status":"publish","type":"page","link":"https:\/\/coolindrinks.com\/en\/mentions-legales\/","title":{"rendered":"Mentions L\u00e9gales"},"content":{"rendered":"<div data-elementor-type=\"wp-page\" data-elementor-id=\"1595\" class=\"elementor elementor-1595\">\n\t\t\t\t<div class=\"elementor-element elementor-element-c821c9d e-flex e-con-boxed e-con e-parent\" data-id=\"c821c9d\" data-element_type=\"container\" data-e-type=\"container\">\n\t\t\t\t\t<div class=\"e-con-inner\">\n\t\t\t\t<div class=\"elementor-element elementor-element-3b31e4f color-scheme-inherit text-left elementor-widget elementor-widget-text-editor\" data-id=\"3b31e4f\" data-element_type=\"widget\" data-e-type=\"widget\" data-widget_type=\"text-editor.default\">\n\t\t\t\t\t\t\t\t\t<p><strong>Mentions l\u00e9gales \u2013 Cool\u2019In<\/strong><\/p><p><strong>\u00c9diteur du site<\/strong><br \/>The website <strong>Cool\u2019In<\/strong> est \u00e9dit\u00e9 par la soci\u00e9t\u00e9 :<\/p><p><strong>Elma \u2013 EURL<\/strong><br \/>Headquarters<br \/>SIRET : 100 400 563 00019<br \/>Intra-Community VAT : FR17100400563<br \/>Executive : Paul Falipou<br \/>Contact : contact@coolindrinks.com<\/p><p><strong>H\u00e9bergement du site<\/strong><br \/>Le site est h\u00e9berg\u00e9 par :<br \/><strong>Hostinger International Ltd<\/strong><br \/>Adresse : Hostinger France, 64 Boulevard de Strasbourg, 75010 Paris]<br \/>Site web : <a href=\"https:\/\/www.hostinger.fr\" target=\"_blank\" rel=\"noopener\">https:\/\/www.hostinger.fr<\/a><\/p><p><strong>Conception et r\u00e9alisation<\/strong><br \/>Le site a \u00e9t\u00e9 r\u00e9alis\u00e9 par : <strong>Webdesign<\/strong><br \/>Site web : <a href=\"https:\/\/webdodesign.fr\" target=\"_blank\" rel=\"noopener\">https:\/\/webdodesign.fr<\/a><\/p><p><strong>Propri\u00e9t\u00e9 intellectuelle<\/strong><br \/>L\u2019ensemble du contenu du site (textes, images, logos, vid\u00e9os, ic\u00f4nes, etc.) est la propri\u00e9t\u00e9 exclusive de <strong>Cool\u2019In \/ Elma<\/strong>, sauf mention contraire.<br \/>Toute reproduction, repr\u00e9sentation, modification, publication, transmission ou utilisation du contenu est interdite sans autorisation pr\u00e9alable \u00e9crite.<\/p><p><strong>Protection des donn\u00e9es personnelles<\/strong><br \/>Les donn\u00e9es collect\u00e9es via le site sont utilis\u00e9es uniquement pour :<\/p><ul><li>Le traitement des commandes<\/li><li>La communication avec les clients<\/li><li>Le respect des obligations l\u00e9gales<\/li><\/ul><p>Conform\u00e9ment \u00e0 la <strong>loi Informatique et Libert\u00e9s<\/strong> et au <strong>RGPD<\/strong>, vous disposez d\u2019un droit d\u2019acc\u00e8s, de rectification et de suppression de vos donn\u00e9es personnelles. Pour exercer ce droit, contactez-nous \u00e0 contact@coolindrinks.com<\/p><p><strong>Cookies<\/strong><br \/>Le site utilise des cookies pour am\u00e9liorer l\u2019exp\u00e9rience utilisateur et mesurer l\u2019audience. Vous pouvez g\u00e9rer vos pr\u00e9f\u00e9rences via votre navigateur.<\/p><p><strong>Responsabilit\u00e9<\/strong><br \/>Elma ne saurait \u00eatre tenue responsable des dommages directs ou indirects r\u00e9sultant de l\u2019acc\u00e8s au site ou de l\u2019impossibilit\u00e9 d\u2019y acc\u00e9der. Les informations fournies sont donn\u00e9es \u00e0 titre indicatif et peuvent \u00eatre modifi\u00e9es sans pr\u00e9avis.<\/p><p><strong>Droit applicable<\/strong><br \/>Le site et ses mentions l\u00e9gales sont soumis au <strong>French law<\/strong>. Tout litige relatif \u00e0 l\u2019utilisation du site rel\u00e8ve de la comp\u00e9tence des tribunaux fran\u00e7ais.<\/p>\t\t\t\t\t\t\t\t<\/div>\n\t\t\t\t\t<\/div>\n\t\t\t\t<\/div>\n\t\t\t\t<\/div>","protected":false},"excerpt":{"rendered":"<p>Mentions l\u00e9gales \u2013 Cool\u2019In \u00c9diteur du siteLe site Cool\u2019In est \u00e9dit\u00e9 par la soci\u00e9t\u00e9 : Elma \u2013 EURLSi\u00e8ge social :<\/p>","protected":false},"author":1,"featured_media":0,"parent":0,"menu_order":0,"comment_status":"closed","ping_status":"closed","template":"","meta":{"footnotes":""},"class_list":["post-1595","page","type-page","status-publish","hentry"],"_links":{"self":[{"href":"https:\/\/coolindrinks.com\/en\/wp-json\/wp\/v2\/pages\/1595","targetHints":{"allow":["GET"]}}],"collection":[{"href":"https:\/\/coolindrinks.com\/en\/wp-json\/wp\/v2\/pages"}],"about":[{"href":"https:\/\/coolindrinks.com\/en\/wp-json\/wp\/v2\/types\/page"}],"author":[{"embeddable":true,"href":"https:\/\/coolindrinks.com\/en\/wp-json\/wp\/v2\/users\/1"}],"replies":[{"embeddable":true,"href":"https:\/\/coolindrinks.com\/en\/wp-json\/wp\/v2\/comments?post=1595"}],"version-history":[{"count":31,"href":"https:\/\/coolindrinks.com\/en\/wp-json\/wp\/v2\/pages\/1595\/revisions"}],"predecessor-version":[{"id":2602,"href":"https:\/\/coolindrinks.com\/en\/wp-json\/wp\/v2\/pages\/1595\/revisions\/2602"}],"wp:attachment":[{"href":"https:\/\/coolindrinks.com\/en\/wp-json\/wp\/v2\/media?parent=1595"}],"curies":[{"name":"wp","href":"https:\/\/api.w.org\/{rel}","templated":true}]}}