{"id":1587,"date":"2026-03-10T17:22:35","date_gmt":"2026-03-10T17:22:35","guid":{"rendered":"https:\/\/coolindrinks.com\/?page_id=1587"},"modified":"2026-03-16T15:28:54","modified_gmt":"2026-03-16T15:28:54","slug":"cgv","status":"publish","type":"page","link":"https:\/\/coolindrinks.com\/en\/cgv\/","title":{"rendered":"General Terms &amp; Conditions"},"content":{"rendered":"<div data-elementor-type=\"wp-page\" data-elementor-id=\"1587\" class=\"elementor elementor-1587\">\n\t\t\t\t<div class=\"elementor-element elementor-element-43ce7ed e-flex e-con-boxed e-con e-parent\" data-id=\"43ce7ed\" data-element_type=\"container\" data-e-type=\"container\">\n\t\t\t\t\t<div class=\"e-con-inner\">\n\t\t\t\t<div class=\"elementor-element elementor-element-4f0589f color-scheme-inherit text-left elementor-widget elementor-widget-text-editor\" data-id=\"4f0589f\" data-element_type=\"widget\" data-e-type=\"widget\" data-widget_type=\"text-editor.default\">\n\t\t\t\t\t\t\t\t\t<p><strong>Terms and Conditions \u2013 Cool\u2019In<\/strong><\/p><p><strong>1) Website Publisher<\/strong><\/p><p class=\"translation-block\">The website <strong>Cool\u2019In<\/strong> is published by the company:<\/p><p><strong>Elma \u2013 EURL<\/strong><br \/>Headquarters<br \/>SIRET : 100 400 563 00019<br \/>Intra-Community VAT : FR17100400563<br \/>Executive : Paul Falipou<br \/>Contact : contact@coolindrinks.com<\/p><p><strong>2) Object<\/strong><\/p><p class=\"translation-block\">These <strong>Terms and Conditions of Sale (T&amp;C)<\/strong> govern the sale of products offered by Cool\u2019In on the website www.drinkcoolin.com<\/p><p>By placing an order, the customer unconditionally accepts these Terms and Conditions.<\/p><p><strong>3) Products<\/strong><\/p><ul><li>The products sold are carefully described on the website (description, ingredients, price, images).<\/li><li>The photographs are for illustrative purposes only and may differ slightly from the actual product.<\/li><li>Cool\u2019In reserves the right to modify the product offerings or prices at any time, without retroactive effect on orders that have already been confirmed.<\/li><\/ul><p><strong>4) Order<\/strong><\/p><ul><li>La commande se fait exclusivement via le site internet.<\/li><li>Le client doit fournir des informations exactes et compl\u00e8tes pour le traitement de la commande.<\/li><li>Une fois la commande valid\u00e9e et le paiement effectu\u00e9, le client re\u00e7oit un <strong>email de confirmation<\/strong>.<\/li><\/ul><p><strong>5) Prix<\/strong><\/p><ul><li class=\"translation-block\">Prices are listed in <strong>euros (\u20ac), including all taxes (TTC)<\/strong>.<\/li><li>Shipping costs are specified at checkout and depend on the carrier and the destination.<\/li><li>Any promotions or discounts are valid while supplies last and subject to the terms and conditions specified on the website.<\/li><\/ul><p><strong>6) Payment<\/strong><\/p><ul><li>Payment is made online via secure payment methods: <strong>credit cards, PayPal, or Stripe<\/strong>.<\/li><li class=\"translation-block\">Transactions are encrypted using <strong>SSL<\/strong> to ensure data security.<\/li><li>The order is considered confirmed once payment has been verified.<\/li><\/ul><p><strong>7) Delivery<\/strong><\/p><ul><li>Les commandes sont pr\u00e9par\u00e9es sous 24 \u00e0 48h ouvr\u00e9es.<\/li><li>Les modes de livraison disponibles sont : <strong>point relais ou \u00e0 domicile via Mondial Relay<\/strong>.<\/li><li>D\u00e9lais indicatifs :<ul><li>France : 2 \u00e0 4 jours ouvr\u00e9s<\/li><li>Europe : 3 \u00e0 6 jours ouvr\u00e9s<\/li><\/ul><\/li><li>Cool\u2019In ne peut \u00eatre tenu responsable des retards de livraison ind\u00e9pendants de sa volont\u00e9.<\/li><\/ul><p><strong>8) Droit de r\u00e9tractation<\/strong><\/p><ul><li>Conform\u00e9ment \u00e0 l\u2019article L221\u201118 du Code de la consommation, le client dispose de <strong>14 jours<\/strong> pour exercer son droit de r\u00e9tractation \u00e0 compter de la r\u00e9ception du produit.<\/li><li>Les produits doivent \u00eatre retourn\u00e9s <strong>dans leur emballage d\u2019origine, complets et en parfait \u00e9tat<\/strong>.<\/li><li>Les frais de retour sont \u00e0 la charge du client, sauf d\u00e9faut du produit.<\/li><li>Le remboursement sera effectu\u00e9 dans les <strong>14 jours<\/strong> suivant la r\u00e9ception du produit retourn\u00e9, via le m\u00eame moyen de paiement utilis\u00e9 pour la commande.<\/li><\/ul><p><strong>9) Garantie et conformit\u00e9<\/strong><\/p><ul><li>Tous les produits vendus sont soumis \u00e0 la <strong>garantie l\u00e9gale de conformit\u00e9<\/strong> et \u00e0 la <strong>garantie contre les vices cach\u00e9s<\/strong>.<\/li><li>En cas de produit d\u00e9fectueux ou non conforme, le client doit contacter Cool\u2019In \u00e0 contact@drinkcoolin.com avec photo(s) du produit.<\/li><\/ul><p><strong>10) Responsabilit\u00e9<\/strong><\/p><ul><li>Cool\u2019In ne peut \u00eatre tenu responsable des dommages directs ou indirects r\u00e9sultant d\u2019une mauvaise utilisation des produits ou d\u2019un acc\u00e8s au site.<\/li><li>La responsabilit\u00e9 de Cool\u2019In est limit\u00e9e au montant de la commande.<\/li><\/ul><p><strong>11) Propri\u00e9t\u00e9 intellectuelle<\/strong><\/p><ul><li>Tous les \u00e9l\u00e9ments du site (textes, images, logos, vid\u00e9os, marques) sont prot\u00e9g\u00e9s par le droit d\u2019auteur et la propri\u00e9t\u00e9 intellectuelle.<\/li><li>Toute reproduction ou utilisation sans autorisation est interdite.<\/li><\/ul><p><strong>12) Personal data<\/strong><\/p><ul><li>The data collected during the ordering process is used <strong>uniquement pour traiter les commandes<\/strong> et am\u00e9liorer votre exp\u00e9rience.<\/li><li>For more information, please see our Privacy Policy.<\/li><\/ul><p><strong>13) Governing Law and Jurisdiction<\/strong><\/p><ul><li>These Terms and Conditions are governed by <strong>French law<\/strong>.<\/li><li>Any dispute arising from the application or interpretation of these Terms and Conditions shall be subject to the exclusive jurisdiction of the French courts.<\/li><\/ul>\t\t\t\t\t\t\t\t<\/div>\n\t\t\t\t\t<\/div>\n\t\t\t\t<\/div>\n\t\t\t\t<\/div>","protected":false},"excerpt":{"rendered":"<p>Conditions G\u00e9n\u00e9rales de Vente \u2013 Cool\u2019In 1) \u00c9diteur du site Le site Cool\u2019In est \u00e9dit\u00e9 par la soci\u00e9t\u00e9 : Elma<\/p>","protected":false},"author":1,"featured_media":0,"parent":0,"menu_order":0,"comment_status":"closed","ping_status":"closed","template":"","meta":{"footnotes":""},"class_list":["post-1587","page","type-page","status-publish","hentry"],"_links":{"self":[{"href":"https:\/\/coolindrinks.com\/en\/wp-json\/wp\/v2\/pages\/1587","targetHints":{"allow":["GET"]}}],"collection":[{"href":"https:\/\/coolindrinks.com\/en\/wp-json\/wp\/v2\/pages"}],"about":[{"href":"https:\/\/coolindrinks.com\/en\/wp-json\/wp\/v2\/types\/page"}],"author":[{"embeddable":true,"href":"https:\/\/coolindrinks.com\/en\/wp-json\/wp\/v2\/users\/1"}],"replies":[{"embeddable":true,"href":"https:\/\/coolindrinks.com\/en\/wp-json\/wp\/v2\/comments?post=1587"}],"version-history":[{"count":25,"href":"https:\/\/coolindrinks.com\/en\/wp-json\/wp\/v2\/pages\/1587\/revisions"}],"predecessor-version":[{"id":2488,"href":"https:\/\/coolindrinks.com\/en\/wp-json\/wp\/v2\/pages\/1587\/revisions\/2488"}],"wp:attachment":[{"href":"https:\/\/coolindrinks.com\/en\/wp-json\/wp\/v2\/media?parent=1587"}],"curies":[{"name":"wp","href":"https:\/\/api.w.org\/{rel}","templated":true}]}}